{"id":3996,"date":"2023-07-04T14:51:45","date_gmt":"2023-07-04T14:51:45","guid":{"rendered":"https:\/\/altairasesores.es\/?page_id=3996"},"modified":"2023-07-04T14:51:45","modified_gmt":"2023-07-04T14:51:45","slug":"tratamiento-de-datos","status":"publish","type":"page","link":"https:\/\/altairasesores.es\/es\/tratamiento-de-datos\/","title":{"rendered":"Tratamiento de Datos"},"content":{"rendered":"<table style=\"font-weight: 400;\" width=\"473\">\n<tbody>\n<tr>\n<td width=\"161\">\u00bfQu\u00e9 empresa trata tus datos?<\/td>\n<td width=\"312\">ALTAIR ASESORES, S.L. (en adelante, \u201c<strong>ALTAIR<\/strong>\u201d).<\/td>\n<\/tr>\n<tr>\n<td width=\"161\">\u00bfPor qu\u00e9 tratamos los datos que te pedimos?<\/td>\n<td width=\"312\">Tratamos tus datos para poder prestarte los servicios de ALTAIR, para evaluar tu candidatura en los procesos de selecci\u00f3n y enviarte informaci\u00f3n sobre nuestros servicios.<\/td>\n<\/tr>\n<tr>\n<td width=\"161\">\u00bfCu\u00e1l es la legitimaci\u00f3n para este tratamiento de tus datos?<\/td>\n<td width=\"312\">Estos datos son necesarios para llevar a cabo la prestaci\u00f3n de los servicios que se hayan solicitado a trav\u00e9s del Sitio Web, as\u00ed como el consentimiento que nos hayas otorgado conforme a nuestra Pol\u00edtica de Privacidad\u00a0y para la ejecuci\u00f3n de un Contrato.<\/td>\n<\/tr>\n<tr>\n<td width=\"161\">\u00bfSe van a hacer cesiones o transferencias con tus datos?<\/td>\n<td width=\"312\">No, tus datos no podr\u00e1n cederse a terceras empresas.<\/td>\n<\/tr>\n<tr>\n<td width=\"161\">\u00bfCu\u00e1les son mis derechos?<\/td>\n<td width=\"312\">El interesado tiene derecho a ejercitar su derecho de:<\/p>\n<p>&#8211; Acceso.<\/p>\n<p>&#8211; Rectificaci\u00f3n.<\/p>\n<p>&#8211; Supresi\u00f3n.<\/p>\n<p>&#8211; Oposici\u00f3n.<\/p>\n<p>&#8211; Portabilidad de los Datos.<\/p>\n<p>&#8211; Limitaci\u00f3n del Tratamiento.<\/p>\n<p>&#8211; No ser objeto de decisiones automatizadas individualizadas.<\/td>\n<\/tr>\n<tr>\n<td width=\"161\">\u00bfSe utilizan tus datos para hacer perfilados o segmentaciones?<\/td>\n<td width=\"312\">No, ALTAIR no llevar\u00e1 a cabo t\u00e9cnicas de <em>profiling<\/em> con tus datos.<\/td>\n<\/tr>\n<tr>\n<td width=\"161\">\u00bfTienes dudas?<\/td>\n<td width=\"312\">Tanto si tienes alguna duda o sugerencia como si quieres darte de baja ponte en contacto con nosotros enviando un email a la siguiente direcci\u00f3n: ask@altairasesores.es.<\/td>\n<\/tr>\n<\/tbody>\n<\/table>\n","protected":false},"excerpt":{"rendered":"<p>\u00bfQu\u00e9 empresa trata tus datos? ALTAIR ASESORES, S.L. (en adelante, \u201cALTAIR\u201d). \u00bfPor qu\u00e9 tratamos los datos que te pedimos? Tratamos tus datos para poder prestarte los servicios de ALTAIR, para evaluar tu candidatura en los procesos de selecci\u00f3n y enviarte informaci\u00f3n sobre nuestros servicios. \u00bfCu\u00e1l es la legitimaci\u00f3n para este tratamiento de tus datos? Estos [&hellip;]<\/p>\n","protected":false},"author":3,"featured_media":0,"parent":0,"menu_order":0,"comment_status":"closed","ping_status":"closed","template":"","meta":{"nf_dc_page":"","site-sidebar-layout":"default","site-content-layout":"default","ast-site-content-layout":"default","site-content-style":"default","site-sidebar-style":"default","ast-global-header-display":"","ast-banner-title-visibility":"","ast-main-header-display":"","ast-hfb-above-header-display":"","ast-hfb-below-header-display":"","ast-hfb-mobile-header-display":"","site-post-title":"","ast-breadcrumbs-content":"","ast-featured-img":"","footer-sml-layout":"","ast-disable-related-posts":"","theme-transparent-header-meta":"default","adv-header-id-meta":"","stick-header-meta":"","header-above-stick-meta":"","header-main-stick-meta":"","header-below-stick-meta":"","astra-migrate-meta-layouts":"default","ast-page-background-enabled":"default","ast-page-background-meta":{"desktop":{"background-color":"var(--ast-global-color-4)","background-image":"","background-repeat":"repeat","background-position":"center center","background-size":"auto","background-attachment":"scroll","background-type":"","background-media":"","overlay-type":"","overlay-color":"","overlay-opacity":"","overlay-gradient":""},"tablet":{"background-color":"","background-image":"","background-repeat":"repeat","background-position":"center center","background-size":"auto","background-attachment":"scroll","background-type":"","background-media":"","overlay-type":"","overlay-color":"","overlay-opacity":"","overlay-gradient":""},"mobile":{"background-color":"","background-image":"","background-repeat":"repeat","background-position":"center center","background-size":"auto","background-attachment":"scroll","background-type":"","background-media":"","overlay-type":"","overlay-color":"","overlay-opacity":"","overlay-gradient":""}},"ast-content-background-meta":{"desktop":{"background-color":"var(--ast-global-color-5)","background-image":"","background-repeat":"repeat","background-position":"center center","background-size":"auto","background-attachment":"scroll","background-type":"","background-media":"","overlay-type":"","overlay-color":"","overlay-opacity":"","overlay-gradient":""},"tablet":{"background-color":"var(--ast-global-color-5)","background-image":"","background-repeat":"repeat","background-position":"center center","background-size":"auto","background-attachment":"scroll","background-type":"","background-media":"","overlay-type":"","overlay-color":"","overlay-opacity":"","overlay-gradient":""},"mobile":{"background-color":"var(--ast-global-color-5)","background-image":"","background-repeat":"repeat","background-position":"center center","background-size":"auto","background-attachment":"scroll","background-type":"","background-media":"","overlay-type":"","overlay-color":"","overlay-opacity":"","overlay-gradient":""}},"footnotes":""},"class_list":["post-3996","page","type-page","status-publish","hentry"],"yoast_head":"<!-- This site is optimized with the Yoast SEO plugin v27.4 - https:\/\/yoast.com\/product\/yoast-seo-wordpress\/ -->\n<title>Tratamiento de Datos - Altair Asesores<\/title>\n<meta name=\"robots\" content=\"index, follow, max-snippet:-1, max-image-preview:large, max-video-preview:-1\" \/>\n<link rel=\"canonical\" href=\"https:\/\/altairasesores.es\/es\/tratamiento-de-datos\/\" \/>\n<meta property=\"og:locale\" content=\"es_ES\" \/>\n<meta property=\"og:type\" content=\"article\" \/>\n<meta property=\"og:title\" content=\"Tratamiento de Datos - Altair Asesores\" \/>\n<meta property=\"og:description\" content=\"\u00bfQu\u00e9 empresa trata tus datos? ALTAIR ASESORES, S.L. (en adelante, \u201cALTAIR\u201d). \u00bfPor qu\u00e9 tratamos los datos que te pedimos? Tratamos tus datos para poder prestarte los servicios de ALTAIR, para evaluar tu candidatura en los procesos de selecci\u00f3n y enviarte informaci\u00f3n sobre nuestros servicios. \u00bfCu\u00e1l es la legitimaci\u00f3n para este tratamiento de tus datos? Estos [&hellip;]\" \/>\n<meta property=\"og:url\" content=\"https:\/\/altairasesores.es\/es\/tratamiento-de-datos\/\" \/>\n<meta property=\"og:site_name\" content=\"Altair Asesores\" \/>\n<meta name=\"twitter:card\" content=\"summary_large_image\" \/>\n<meta name=\"twitter:label1\" content=\"Tiempo de lectura\" \/>\n\t<meta name=\"twitter:data1\" content=\"1 minuto\" \/>\n<script type=\"application\/ld+json\" class=\"yoast-schema-graph\">{\"@context\":\"https:\\\/\\\/schema.org\",\"@graph\":[{\"@type\":\"WebPage\",\"@id\":\"https:\\\/\\\/altairasesores.es\\\/es\\\/tratamiento-de-datos\\\/\",\"url\":\"https:\\\/\\\/altairasesores.es\\\/es\\\/tratamiento-de-datos\\\/\",\"name\":\"Tratamiento de Datos - Altair Asesores\",\"isPartOf\":{\"@id\":\"https:\\\/\\\/altairasesores.es\\\/es\\\/#website\"},\"datePublished\":\"2023-07-04T14:51:45+00:00\",\"breadcrumb\":{\"@id\":\"https:\\\/\\\/altairasesores.es\\\/es\\\/tratamiento-de-datos\\\/#breadcrumb\"},\"inLanguage\":\"es\",\"potentialAction\":[{\"@type\":\"ReadAction\",\"target\":[\"https:\\\/\\\/altairasesores.es\\\/es\\\/tratamiento-de-datos\\\/\"]}]},{\"@type\":\"BreadcrumbList\",\"@id\":\"https:\\\/\\\/altairasesores.es\\\/es\\\/tratamiento-de-datos\\\/#breadcrumb\",\"itemListElement\":[{\"@type\":\"ListItem\",\"position\":1,\"name\":\"Home\",\"item\":\"https:\\\/\\\/altairasesores.es\\\/es\\\/\"},{\"@type\":\"ListItem\",\"position\":2,\"name\":\"Tratamiento de Datos\"}]},{\"@type\":\"WebSite\",\"@id\":\"https:\\\/\\\/altairasesores.es\\\/es\\\/#website\",\"url\":\"https:\\\/\\\/altairasesores.es\\\/es\\\/\",\"name\":\"Altair Asesores\",\"description\":\"Creating better world, promoting good governance and development\",\"publisher\":{\"@id\":\"https:\\\/\\\/altairasesores.es\\\/es\\\/#organization\"},\"potentialAction\":[{\"@type\":\"SearchAction\",\"target\":{\"@type\":\"EntryPoint\",\"urlTemplate\":\"https:\\\/\\\/altairasesores.es\\\/es\\\/?s={search_term_string}\"},\"query-input\":{\"@type\":\"PropertyValueSpecification\",\"valueRequired\":true,\"valueName\":\"search_term_string\"}}],\"inLanguage\":\"es\"},{\"@type\":\"Organization\",\"@id\":\"https:\\\/\\\/altairasesores.es\\\/es\\\/#organization\",\"name\":\"Altair Asesores\",\"url\":\"https:\\\/\\\/altairasesores.es\\\/es\\\/\",\"logo\":{\"@type\":\"ImageObject\",\"inLanguage\":\"es\",\"@id\":\"https:\\\/\\\/altairasesores.es\\\/es\\\/#\\\/schema\\\/logo\\\/image\\\/\",\"url\":\"https:\\\/\\\/altairasesores.es\\\/wp-content\\\/uploads\\\/2022\\\/10\\\/cropped-altairlogo.png\",\"contentUrl\":\"https:\\\/\\\/altairasesores.es\\\/wp-content\\\/uploads\\\/2022\\\/10\\\/cropped-altairlogo.png\",\"width\":406,\"height\":162,\"caption\":\"Altair Asesores\"},\"image\":{\"@id\":\"https:\\\/\\\/altairasesores.es\\\/es\\\/#\\\/schema\\\/logo\\\/image\\\/\"}}]}<\/script>\n<!-- \/ Yoast SEO plugin. -->","yoast_head_json":{"title":"Tratamiento de Datos - Altair Asesores","robots":{"index":"index","follow":"follow","max-snippet":"max-snippet:-1","max-image-preview":"max-image-preview:large","max-video-preview":"max-video-preview:-1"},"canonical":"https:\/\/altairasesores.es\/es\/tratamiento-de-datos\/","og_locale":"es_ES","og_type":"article","og_title":"Tratamiento de Datos - Altair Asesores","og_description":"\u00bfQu\u00e9 empresa trata tus datos? ALTAIR ASESORES, S.L. (en adelante, \u201cALTAIR\u201d). \u00bfPor qu\u00e9 tratamos los datos que te pedimos? Tratamos tus datos para poder prestarte los servicios de ALTAIR, para evaluar tu candidatura en los procesos de selecci\u00f3n y enviarte informaci\u00f3n sobre nuestros servicios. \u00bfCu\u00e1l es la legitimaci\u00f3n para este tratamiento de tus datos? Estos [&hellip;]","og_url":"https:\/\/altairasesores.es\/es\/tratamiento-de-datos\/","og_site_name":"Altair Asesores","twitter_card":"summary_large_image","twitter_misc":{"Tiempo de lectura":"1 minuto"},"schema":{"@context":"https:\/\/schema.org","@graph":[{"@type":"WebPage","@id":"https:\/\/altairasesores.es\/es\/tratamiento-de-datos\/","url":"https:\/\/altairasesores.es\/es\/tratamiento-de-datos\/","name":"Tratamiento de Datos - Altair Asesores","isPartOf":{"@id":"https:\/\/altairasesores.es\/es\/#website"},"datePublished":"2023-07-04T14:51:45+00:00","breadcrumb":{"@id":"https:\/\/altairasesores.es\/es\/tratamiento-de-datos\/#breadcrumb"},"inLanguage":"es","potentialAction":[{"@type":"ReadAction","target":["https:\/\/altairasesores.es\/es\/tratamiento-de-datos\/"]}]},{"@type":"BreadcrumbList","@id":"https:\/\/altairasesores.es\/es\/tratamiento-de-datos\/#breadcrumb","itemListElement":[{"@type":"ListItem","position":1,"name":"Home","item":"https:\/\/altairasesores.es\/es\/"},{"@type":"ListItem","position":2,"name":"Tratamiento de Datos"}]},{"@type":"WebSite","@id":"https:\/\/altairasesores.es\/es\/#website","url":"https:\/\/altairasesores.es\/es\/","name":"Altair Asesores","description":"Creating better world, promoting good governance and development","publisher":{"@id":"https:\/\/altairasesores.es\/es\/#organization"},"potentialAction":[{"@type":"SearchAction","target":{"@type":"EntryPoint","urlTemplate":"https:\/\/altairasesores.es\/es\/?s={search_term_string}"},"query-input":{"@type":"PropertyValueSpecification","valueRequired":true,"valueName":"search_term_string"}}],"inLanguage":"es"},{"@type":"Organization","@id":"https:\/\/altairasesores.es\/es\/#organization","name":"Altair Asesores","url":"https:\/\/altairasesores.es\/es\/","logo":{"@type":"ImageObject","inLanguage":"es","@id":"https:\/\/altairasesores.es\/es\/#\/schema\/logo\/image\/","url":"https:\/\/altairasesores.es\/wp-content\/uploads\/2022\/10\/cropped-altairlogo.png","contentUrl":"https:\/\/altairasesores.es\/wp-content\/uploads\/2022\/10\/cropped-altairlogo.png","width":406,"height":162,"caption":"Altair Asesores"},"image":{"@id":"https:\/\/altairasesores.es\/es\/#\/schema\/logo\/image\/"}}]}},"_links":{"self":[{"href":"https:\/\/altairasesores.es\/es\/wp-json\/wp\/v2\/pages\/3996","targetHints":{"allow":["GET"]}}],"collection":[{"href":"https:\/\/altairasesores.es\/es\/wp-json\/wp\/v2\/pages"}],"about":[{"href":"https:\/\/altairasesores.es\/es\/wp-json\/wp\/v2\/types\/page"}],"author":[{"embeddable":true,"href":"https:\/\/altairasesores.es\/es\/wp-json\/wp\/v2\/users\/3"}],"replies":[{"embeddable":true,"href":"https:\/\/altairasesores.es\/es\/wp-json\/wp\/v2\/comments?post=3996"}],"version-history":[{"count":1,"href":"https:\/\/altairasesores.es\/es\/wp-json\/wp\/v2\/pages\/3996\/revisions"}],"predecessor-version":[{"id":3997,"href":"https:\/\/altairasesores.es\/es\/wp-json\/wp\/v2\/pages\/3996\/revisions\/3997"}],"wp:attachment":[{"href":"https:\/\/altairasesores.es\/es\/wp-json\/wp\/v2\/media?parent=3996"}],"curies":[{"name":"wp","href":"https:\/\/api.w.org\/{rel}","templated":true}]}}