{"id":3994,"date":"2023-07-04T14:49:07","date_gmt":"2023-07-04T14:49:07","guid":{"rendered":"https:\/\/altairasesores.es\/legal-warning\/"},"modified":"2023-07-04T14:50:19","modified_gmt":"2023-07-04T14:50:19","slug":"legal-warning","status":"publish","type":"page","link":"https:\/\/altairasesores.es\/es\/legal-warning\/","title":{"rendered":"Aviso Legal"},"content":{"rendered":"<p style=\"font-weight: 400;\"><strong>AVISO LEGAL<\/strong><\/p>\n<p style=\"font-weight: 400;\"><strong>1.- Derecho de la informaci\u00f3n <\/strong><\/p>\n<p style=\"font-weight: 400;\">Le informamos que este\u00a0Sitio Web\u00a0<a href=\"https:\/\/www.altairasesores.es\/\">http:\/\/www.altairasesores.es<\/a> \u00a0(en adelante, el \u201c<strong><em>Sitio Web<\/em><\/strong>\u201d) es\u00a0titularidad\u00a0de ALTAIR ASESORES, S.L. (en adelante, \u201c<strong><em>ALTAIR<\/em><\/strong>\u201d), con C.I.F. B-79422895, y domicilio social en Calle Miguel \u00c1ngel, 4 \u2013 Bajo 14, 28010, Madrid, inscrita en el Registro Mercantil de Madrid, en el Tomo 136, Folio 90, Hoja M-2685.<\/p>\n<p style=\"font-weight: 400;\">El acceso y\/o uso del Sitio Web le atribuye la condici\u00f3n de usuario, y acepta, desde dicho acceso y\/o uso, el presente Aviso Legal.<\/p>\n<p style=\"font-weight: 400;\">El usuario (en adelante, el \u201c<strong>Usuario<\/strong>\u201d) puede ponerse en contacto con ALTAIR a trav\u00e9s de la siguiente direcci\u00f3n de correo electr\u00f3nico: <a href=\"mailto:altair@altairasesores.es\">altair@altairasesores.es<\/a> o a trav\u00e9s del siguiente n\u00famero de tel\u00e9fono: +34 91 399 25 88<\/p>\n<p style=\"font-weight: 400;\"><a name=\"_Toc525719689\"><\/a><strong>2.- Uso<\/strong><strong> del Sitio Web<\/strong><\/p>\n<p style=\"font-weight: 400;\">El Usuario asume la responsabilidad del uso del Sitio Web. El Sitio Web puede proporcionar acceso a multitud de textos, gr\u00e1ficos, dibujos, dise\u00f1os, fotograf\u00edas, contenidos multimedia, e informaciones (en adelante, &#8220;<strong><em>Contenidos<\/em><\/strong>&#8220;) pertenecientes a ALTAIR o a terceros a los que el Usuario puede tener acceso.<\/p>\n<p style=\"font-weight: 400;\">El Usuario se compromete a hacer un uso adecuado de los Contenidos y servicios ofrecidos a trav\u00e9s del Sitio Web y con car\u00e1cter enunciativo, pero no limitativo, a no emplearlos para:<\/p>\n<ul>\n<li>Incurrir en actividades il\u00edcitas, ilegales o contrarias a la buena fe y al orden p\u00fablico.<\/li>\n<li>Provocar da\u00f1os en los sistemas f\u00edsicos y l\u00f3gicos del Sitio Web de ALTAIR, de sus proveedores o de terceras personas.<\/li>\n<li>Introducir o difundir en la red virus inform\u00e1ticos o cualesquiera otros sistemas f\u00edsicos o l\u00f3gicos que sean susceptibles de provocar los da\u00f1os anteriormente mencionados.<\/li>\n<li>Intentar acceder, utilizar y\/o manipular los datos de ALTAIR terceros proveedores y otros usuarios.<\/li>\n<li>Reproducir o copiar, distribuir, permitir el acceso del p\u00fablico a trav\u00e9s de cualquier modalidad de comunicaci\u00f3n p\u00fablica, transformar o modificar los Contenidos, a menos que se cuente con la autorizaci\u00f3n de ALTAIR.<\/li>\n<li>Suprimir, ocultar o manipular los Contenidos sujetos a derechos de propiedad intelectual o industrial y dem\u00e1s datos identificativos de dichos derechos de ALTAIR o de terceros incorporados a los Contenidos, as\u00ed como los dispositivos t\u00e9cnicos de protecci\u00f3n o cualesquiera mecanismos de informaci\u00f3n que puedan insertarse en los Contenidos.<\/li>\n<\/ul>\n<p style=\"font-weight: 400;\">ALTAIR advierte de que los materiales contenidos en este Sitio Web han sido incluidos a mero t\u00edtulo informativo, por lo que resultan insuficientes para tomar decisiones o asumir posiciones en un caso concreto.<\/p>\n<p style=\"font-weight: 400;\">El Usuario debe tener en cuenta que los materiales contenidos en este Sitio Web pudieran no reflejar el estado legislativo o jurisprudencial m\u00e1s reciente sobre las cuestiones analizadas. Asimismo, estos materiales pueden ser modificados, desarrollados o actualizados sin notificaci\u00f3n previa.<\/p>\n<p style=\"font-weight: 400;\">ALTAIR tendr\u00e1 derecho a investigar y denunciar cualquiera de las conductas mencionadas de acuerdo con la Ley, as\u00ed como a colaborar con las autoridades en la investigaci\u00f3n de dichas actuaciones.<\/p>\n<p style=\"font-weight: 400;\">ALTAIR podr\u00e1 suspender temporalmente y sin previo aviso, la accesibilidad al Sitio Web con motivo de operaciones de mantenimiento, reparaci\u00f3n, actualizaci\u00f3n o mejora. No obstante, siempre que las circunstancias lo permitan, ALTAIR comunicar\u00e1 al Usuario, con antelaci\u00f3n suficiente, la fecha prevista para la suspensi\u00f3n de los servicios. ALTAIR no se responsabiliza del uso que los Usuarios puedan hacer de los Contenidos incluidos en el Sitio Web.<\/p>\n<p style=\"font-weight: 400;\"><a name=\"_Toc525719690\"><\/a><strong>3.- Propiedad Intelectual e Industrial<\/strong><\/p>\n<p style=\"font-weight: 400;\"><a name=\"_Toc525719691\"><\/a>Todos y cada uno de los derechos de propiedad intelectual sobre el contenido y el dise\u00f1o gr\u00e1fico de este Sitio Web (a t\u00edtulo enunciativo, im\u00e1genes, sonido, audio, v\u00eddeo, software o textos; marcas o logotipos, combinaciones de colores, estructura y dise\u00f1o, selecci\u00f3n de materiales usados, programas de ordenador necesarios para su funcionamiento, acceso y uso, etc.) son propiedad exclusiva de ALTAIR o de un tercero que ALTAIR haya autorizado su uso. Por tanto, ALTAIR tiene el derecho exclusivo de explotaci\u00f3n de dichos contenidos y dise\u00f1o gr\u00e1fico.<\/p>\n<p style=\"font-weight: 400;\">Por ello, en virtud de lo dispuesto en el Real Decreto Legislativo 1\/1996, de 12 de abril, por el que se aprueba el Texto Refundido de la Ley de Propiedad Intelectual, y en la Ley 17\/2001, de 7 de diciembre, de Marcas, de 7 de diciembre, de Marcas, as\u00ed como cualquier otra legislaci\u00f3n complementaria en materia de propiedad intelectual e industrial, queda prohibida la reproducci\u00f3n, transmisi\u00f3n, adaptaci\u00f3n, traducci\u00f3n, distribuci\u00f3n o comunicaci\u00f3n p\u00fablica, incluida la puesta a disposici\u00f3n o cualquier otra forma de explotaci\u00f3n comercial y\/o modificaci\u00f3n de todo o parte del contenido del Sitio Web, salvo autorizaci\u00f3n previa y expresa de ALTAIR.<\/p>\n<p style=\"font-weight: 400;\">ALTAIR no concede ninguna licencia o autorizaci\u00f3n para utilizar ninguno de sus derechos de propiedad intelectual e industrial o cualquier otra propiedad o derecho relacionado con el Sitio Web y\/o los servicios o contenidos del mismo.<\/p>\n<p style=\"font-weight: 400;\">El Usuario se compromete a respetar los derechos de Propiedad Intelectual e Industrial titularidad de ALTAIR. Se permite, en este sentido, la reproducci\u00f3n y almacenamiento temporal de los contenidos del Sitio Web en tanto ello sea estrictamente necesario para el uso y visualizaci\u00f3n del Sitio Web desde un ordenador\/Tablet o tel\u00e9fono personal.<\/p>\n<p style=\"font-weight: 400;\">La legitimidad de los derechos de propiedad intelectual o industrial sobre los contenidos aportados por los Usuarios es de la exclusiva responsabilidad de los mismos, que responder\u00e1n frente a cualquier reclamaci\u00f3n de terceros derivada del uso il\u00edcito de los contenidos del Sitio Web.<\/p>\n<p style=\"font-weight: 400;\"><strong>4.- Protecci\u00f3n de datos<\/strong><\/p>\n<p style=\"font-weight: 400;\">El uso de este Sitio Web puede requerir que los Usuarios proporcionen datos personales. ALTAIR trata este tipo de informaci\u00f3n de acuerdo con la legislaci\u00f3n aplicable, y la recoge en su <a href=\"https:\/\/cf9ceb35-296a-4042-a739-761b3223b50a.usrfiles.com\/ugd\/cf9ceb_49072967eb544c41be06f20a545892af.pdf\">Pol\u00edtica de Privacidad<\/a>.<\/p>\n<p style=\"font-weight: 400;\"><strong>5.- Responsabilidad y Garant\u00edas<\/strong><\/p>\n<p style=\"font-weight: 400;\">ALTAIR declara que ha adoptado todas las medidas necesarias, dentro de sus posibilidades y teniendo en cuenta el estado actual de la tecnolog\u00eda, para permitir el correcto funcionamiento y la ausencia de virus y componentes da\u00f1inos en su Sitio Web.<\/p>\n<p style=\"font-weight: 400;\">\u00a0Sin embargo, ALTAIR no puede ser considerada responsable:<\/p>\n<ul>\n<li>la falta de continuidad y disponibilidad de los Contenidos y Servicios;<\/li>\n<li>la presencia de errores en dicho Contenido o la falta de correcci\u00f3n de los defectos que pudieran existir;<\/li>\n<li>la veracidad, integridad o actualizaci\u00f3n de los datos facilitados por los Usuarios;<\/li>\n<li>la interrupci\u00f3n del funcionamiento del Sitio Web o fallos inform\u00e1ticos, aver\u00edas telef\u00f3nicas, desconexiones, retrasos o bloqueos causados por deficiencias o sobrecargas en las l\u00edneas telef\u00f3nicas, centros de datos, en el sistema de Internet o en otros sistemas electr\u00f3nicos, producidos en el curso de su funcionamiento;<\/li>\n<li>la presencia de virus u otros componentes da\u00f1inos;<\/li>\n<li>cualquier da\u00f1o causado por terceros que infrinjan o vulneres los sistemas de seguridad de ALTAIR.<\/li>\n<\/ul>\n<p style=\"font-weight: 400;\">ALTAIR podr\u00e1 suspender temporalmente y sin previo aviso, la accesibilidad al Sitio Web con motivo de operaciones de mantenimiento, reparaci\u00f3n, actualizaci\u00f3n o mejora. No obstante, siempre que las circunstancias lo permitan, ALTAIR comunicar\u00e1 al Usuario, con antelaci\u00f3n suficiente, la fecha prevista para la suspensi\u00f3n de los Servicios.<\/p>\n<p style=\"font-weight: 400;\">ALTAIR no se responsabiliza del uso que los Usuarios puedan hacer de los Contenidos incluidos en el Sitio Web.<\/p>\n<p style=\"font-weight: 400;\"><a name=\"_Toc525719692\"><\/a><strong>6.- Duraci\u00f3n y modificaci\u00f3n<\/strong><\/p>\n<p style=\"font-weight: 400;\">El presente Aviso Legal estar\u00e1 vigente con car\u00e1cter indefinido, pudiendo ALTAIR efectuar cambios sobre las condiciones especificadas en el mismo, y que entrar\u00e1n en vigor desde el momento de su publicaci\u00f3n.<\/p>\n<p style=\"font-weight: 400;\">ALTAIR podr\u00e1 suprimir, a\u00f1adir o cambiar tanto los Contenidos como los servicios que presta, as\u00ed como tambi\u00e9n la forma en la que los mismos aparezcan localizados o presentados. Se entienden como vigentes, las condiciones que est\u00e9n publicadas en el momento en el que el Usuario acceda al Sitio Web de ALTAIR.<\/p>\n<p style=\"font-weight: 400;\">El acceso y\/o el uso del Sitio Web se entender\u00e1 como una aceptaci\u00f3n por parte del Usuario del presente Aviso Legal y sus condiciones y, en su caso, los cambios efectuados en las mismas.<\/p>\n<p style=\"font-weight: 400;\"><strong>7.- Hiperv\u00ednculos<\/strong><\/p>\n<p style=\"font-weight: 400;\">ALTAIR no asume ninguna responsabilidad sobre los enlaces a otras aplicaciones o sitios web que se encuentren en el Sitio Web de ALTAIR, pudiendo dirigir al Usuario a otras aplicaciones o sitios web sobre los que ALTAIR no tiene ning\u00fan tipo de control.<\/p>\n<p style=\"font-weight: 400;\">En este sentido, ALTAIR no se hace responsable de la informaci\u00f3n contenida en estos enlaces de terceros ni de cualesquiera efectos que pudieran derivarse de dicha informaci\u00f3n.<\/p>\n<p style=\"font-weight: 400;\">Por lo tanto, la inclusi\u00f3n de v\u00ednculos con otros sitios web o aplicaciones no implica la aprobaci\u00f3n de sus contenidos por parte de ALTAIR ni la existencia de ning\u00fan tipo de asociaci\u00f3n entre ALTAIR y sus titulares.<\/p>\n<p style=\"font-weight: 400;\">En consecuencia, el Usuario accede bajo su exclusiva responsabilidad al Contenido y en las condiciones de uso que rijan en los mismos.<\/p>\n<p style=\"font-weight: 400;\"><strong>8.- Salvaguardia e interpretaci\u00f3n<\/strong><\/p>\n<p style=\"font-weight: 400;\">Este Aviso Legal constituye un acuerdo entre cada uno de los Usuarios y ALTAIR.<\/p>\n<p style=\"font-weight: 400;\">Si la autoridad competente declara que una disposici\u00f3n es ilegal, inv\u00e1lida o inaplicable, dicha declaraci\u00f3n con respecto a una o varias cl\u00e1usulas se entender\u00e1 sin perjuicio de la validez de las dem\u00e1s cl\u00e1usulas.<\/p>\n<p style=\"font-weight: 400;\">El hecho de que ALTAIR no exija el cumplimiento estricto de ninguna de las disposiciones del presente Aviso Legal no constituye ni puede interpretarse en modo alguno como una renuncia de su parte a exigir el cumplimiento estricto en el futuro.<\/p>\n<p style=\"font-weight: 400;\"><strong>9.- Informaci\u00f3n General<\/strong><\/p>\n<p style=\"font-weight: 400;\">ALTAIR perseguir\u00e1 el incumplimiento del presente Aviso Legal, as\u00ed como cualquier utilizaci\u00f3n indebida de su portal, ejerciendo todas las acciones civiles y penales que le puedan corresponder en derecho.<\/p>\n<p style=\"font-weight: 400;\"><strong>10.- Notificaciones<\/strong><\/p>\n<p style=\"font-weight: 400;\">ALTAIR podr\u00e1 realizar las oportunas comunicaciones a trav\u00e9s de la direcci\u00f3n de correo electr\u00f3nico facilitada por los Usuarios en los formularios de registro o a trav\u00e9s de cualquier otro medio facilitado en los datos de contacto del Usuario.<\/p>\n","protected":false},"excerpt":{"rendered":"<p>AVISO LEGAL 1.- Derecho de la informaci\u00f3n Le informamos que este\u00a0Sitio Web\u00a0http:\/\/www.altairasesores.es \u00a0(en adelante, el \u201cSitio Web\u201d) es\u00a0titularidad\u00a0de ALTAIR ASESORES, S.L. (en adelante, \u201cALTAIR\u201d), con C.I.F. B-79422895, y domicilio social en Calle Miguel \u00c1ngel, 4 \u2013 Bajo 14, 28010, Madrid, inscrita en el Registro Mercantil de Madrid, en el Tomo 136, Folio 90, Hoja M-2685. [&hellip;]<\/p>\n","protected":false},"author":3,"featured_media":0,"parent":0,"menu_order":0,"comment_status":"closed","ping_status":"closed","template":"","meta":{"nf_dc_page":"","site-sidebar-layout":"default","site-content-layout":"default","ast-site-content-layout":"default","site-content-style":"default","site-sidebar-style":"default","ast-global-header-display":"","ast-banner-title-visibility":"","ast-main-header-display":"","ast-hfb-above-header-display":"","ast-hfb-below-header-display":"","ast-hfb-mobile-header-display":"","site-post-title":"","ast-breadcrumbs-content":"","ast-featured-img":"","footer-sml-layout":"","ast-disable-related-posts":"","theme-transparent-header-meta":"default","adv-header-id-meta":"","stick-header-meta":"","header-above-stick-meta":"","header-main-stick-meta":"","header-below-stick-meta":"","astra-migrate-meta-layouts":"default","ast-page-background-enabled":"default","ast-page-background-meta":{"desktop":{"background-color":"var(--ast-global-color-4)","background-image":"","background-repeat":"repeat","background-position":"center center","background-size":"auto","background-attachment":"scroll","background-type":"","background-media":"","overlay-type":"","overlay-color":"","overlay-opacity":"","overlay-gradient":""},"tablet":{"background-color":"","background-image":"","background-repeat":"repeat","background-position":"center center","background-size":"auto","background-attachment":"scroll","background-type":"","background-media":"","overlay-type":"","overlay-color":"","overlay-opacity":"","overlay-gradient":""},"mobile":{"background-color":"","background-image":"","background-repeat":"repeat","background-position":"center center","background-size":"auto","background-attachment":"scroll","background-type":"","background-media":"","overlay-type":"","overlay-color":"","overlay-opacity":"","overlay-gradient":""}},"ast-content-background-meta":{"desktop":{"background-color":"var(--ast-global-color-5)","background-image":"","background-repeat":"repeat","background-position":"center center","background-size":"auto","background-attachment":"scroll","background-type":"","background-media":"","overlay-type":"","overlay-color":"","overlay-opacity":"","overlay-gradient":""},"tablet":{"background-color":"var(--ast-global-color-5)","background-image":"","background-repeat":"repeat","background-position":"center center","background-size":"auto","background-attachment":"scroll","background-type":"","background-media":"","overlay-type":"","overlay-color":"","overlay-opacity":"","overlay-gradient":""},"mobile":{"background-color":"var(--ast-global-color-5)","background-image":"","background-repeat":"repeat","background-position":"center center","background-size":"auto","background-attachment":"scroll","background-type":"","background-media":"","overlay-type":"","overlay-color":"","overlay-opacity":"","overlay-gradient":""}},"footnotes":""},"class_list":["post-3994","page","type-page","status-publish","hentry"],"yoast_head":"<!-- This site is optimized with the Yoast SEO plugin v27.4 - https:\/\/yoast.com\/product\/yoast-seo-wordpress\/ -->\n<title>Aviso Legal - Altair Asesores<\/title>\n<meta name=\"robots\" content=\"index, follow, max-snippet:-1, max-image-preview:large, max-video-preview:-1\" \/>\n<link rel=\"canonical\" href=\"https:\/\/altairasesores.es\/es\/legal-warning\/\" \/>\n<meta property=\"og:locale\" content=\"es_ES\" \/>\n<meta property=\"og:type\" content=\"article\" \/>\n<meta property=\"og:title\" content=\"Aviso Legal - Altair Asesores\" \/>\n<meta property=\"og:description\" content=\"AVISO LEGAL 1.- Derecho de la informaci\u00f3n Le informamos que este\u00a0Sitio Web\u00a0http:\/\/www.altairasesores.es \u00a0(en adelante, el \u201cSitio Web\u201d) es\u00a0titularidad\u00a0de ALTAIR ASESORES, S.L. (en adelante, \u201cALTAIR\u201d), con C.I.F. B-79422895, y domicilio social en Calle Miguel \u00c1ngel, 4 \u2013 Bajo 14, 28010, Madrid, inscrita en el Registro Mercantil de Madrid, en el Tomo 136, Folio 90, Hoja M-2685. [&hellip;]\" \/>\n<meta property=\"og:url\" content=\"https:\/\/altairasesores.es\/es\/legal-warning\/\" \/>\n<meta property=\"og:site_name\" content=\"Altair Asesores\" \/>\n<meta property=\"article:modified_time\" content=\"2023-07-04T14:50:19+00:00\" \/>\n<meta name=\"twitter:card\" content=\"summary_large_image\" \/>\n<meta name=\"twitter:label1\" content=\"Tiempo de lectura\" \/>\n\t<meta name=\"twitter:data1\" content=\"8 minutos\" \/>\n<script type=\"application\/ld+json\" class=\"yoast-schema-graph\">{\"@context\":\"https:\\\/\\\/schema.org\",\"@graph\":[{\"@type\":\"WebPage\",\"@id\":\"https:\\\/\\\/altairasesores.es\\\/es\\\/legal-warning\\\/\",\"url\":\"https:\\\/\\\/altairasesores.es\\\/es\\\/legal-warning\\\/\",\"name\":\"Aviso Legal - Altair Asesores\",\"isPartOf\":{\"@id\":\"https:\\\/\\\/altairasesores.es\\\/es\\\/#website\"},\"datePublished\":\"2023-07-04T14:49:07+00:00\",\"dateModified\":\"2023-07-04T14:50:19+00:00\",\"breadcrumb\":{\"@id\":\"https:\\\/\\\/altairasesores.es\\\/es\\\/legal-warning\\\/#breadcrumb\"},\"inLanguage\":\"es\",\"potentialAction\":[{\"@type\":\"ReadAction\",\"target\":[\"https:\\\/\\\/altairasesores.es\\\/es\\\/legal-warning\\\/\"]}]},{\"@type\":\"BreadcrumbList\",\"@id\":\"https:\\\/\\\/altairasesores.es\\\/es\\\/legal-warning\\\/#breadcrumb\",\"itemListElement\":[{\"@type\":\"ListItem\",\"position\":1,\"name\":\"Home\",\"item\":\"https:\\\/\\\/altairasesores.es\\\/es\\\/\"},{\"@type\":\"ListItem\",\"position\":2,\"name\":\"Aviso Legal\"}]},{\"@type\":\"WebSite\",\"@id\":\"https:\\\/\\\/altairasesores.es\\\/es\\\/#website\",\"url\":\"https:\\\/\\\/altairasesores.es\\\/es\\\/\",\"name\":\"Altair Asesores\",\"description\":\"Creating better world, promoting good governance and development\",\"publisher\":{\"@id\":\"https:\\\/\\\/altairasesores.es\\\/es\\\/#organization\"},\"potentialAction\":[{\"@type\":\"SearchAction\",\"target\":{\"@type\":\"EntryPoint\",\"urlTemplate\":\"https:\\\/\\\/altairasesores.es\\\/es\\\/?s={search_term_string}\"},\"query-input\":{\"@type\":\"PropertyValueSpecification\",\"valueRequired\":true,\"valueName\":\"search_term_string\"}}],\"inLanguage\":\"es\"},{\"@type\":\"Organization\",\"@id\":\"https:\\\/\\\/altairasesores.es\\\/es\\\/#organization\",\"name\":\"Altair Asesores\",\"url\":\"https:\\\/\\\/altairasesores.es\\\/es\\\/\",\"logo\":{\"@type\":\"ImageObject\",\"inLanguage\":\"es\",\"@id\":\"https:\\\/\\\/altairasesores.es\\\/es\\\/#\\\/schema\\\/logo\\\/image\\\/\",\"url\":\"https:\\\/\\\/altairasesores.es\\\/wp-content\\\/uploads\\\/2022\\\/10\\\/cropped-altairlogo.png\",\"contentUrl\":\"https:\\\/\\\/altairasesores.es\\\/wp-content\\\/uploads\\\/2022\\\/10\\\/cropped-altairlogo.png\",\"width\":406,\"height\":162,\"caption\":\"Altair Asesores\"},\"image\":{\"@id\":\"https:\\\/\\\/altairasesores.es\\\/es\\\/#\\\/schema\\\/logo\\\/image\\\/\"}}]}<\/script>\n<!-- \/ Yoast SEO plugin. -->","yoast_head_json":{"title":"Aviso Legal - Altair Asesores","robots":{"index":"index","follow":"follow","max-snippet":"max-snippet:-1","max-image-preview":"max-image-preview:large","max-video-preview":"max-video-preview:-1"},"canonical":"https:\/\/altairasesores.es\/es\/legal-warning\/","og_locale":"es_ES","og_type":"article","og_title":"Aviso Legal - Altair Asesores","og_description":"AVISO LEGAL 1.- Derecho de la informaci\u00f3n Le informamos que este\u00a0Sitio Web\u00a0http:\/\/www.altairasesores.es \u00a0(en adelante, el \u201cSitio Web\u201d) es\u00a0titularidad\u00a0de ALTAIR ASESORES, S.L. (en adelante, \u201cALTAIR\u201d), con C.I.F. B-79422895, y domicilio social en Calle Miguel \u00c1ngel, 4 \u2013 Bajo 14, 28010, Madrid, inscrita en el Registro Mercantil de Madrid, en el Tomo 136, Folio 90, Hoja M-2685. [&hellip;]","og_url":"https:\/\/altairasesores.es\/es\/legal-warning\/","og_site_name":"Altair Asesores","article_modified_time":"2023-07-04T14:50:19+00:00","twitter_card":"summary_large_image","twitter_misc":{"Tiempo de lectura":"8 minutos"},"schema":{"@context":"https:\/\/schema.org","@graph":[{"@type":"WebPage","@id":"https:\/\/altairasesores.es\/es\/legal-warning\/","url":"https:\/\/altairasesores.es\/es\/legal-warning\/","name":"Aviso Legal - Altair Asesores","isPartOf":{"@id":"https:\/\/altairasesores.es\/es\/#website"},"datePublished":"2023-07-04T14:49:07+00:00","dateModified":"2023-07-04T14:50:19+00:00","breadcrumb":{"@id":"https:\/\/altairasesores.es\/es\/legal-warning\/#breadcrumb"},"inLanguage":"es","potentialAction":[{"@type":"ReadAction","target":["https:\/\/altairasesores.es\/es\/legal-warning\/"]}]},{"@type":"BreadcrumbList","@id":"https:\/\/altairasesores.es\/es\/legal-warning\/#breadcrumb","itemListElement":[{"@type":"ListItem","position":1,"name":"Home","item":"https:\/\/altairasesores.es\/es\/"},{"@type":"ListItem","position":2,"name":"Aviso Legal"}]},{"@type":"WebSite","@id":"https:\/\/altairasesores.es\/es\/#website","url":"https:\/\/altairasesores.es\/es\/","name":"Altair Asesores","description":"Creating better world, promoting good governance and development","publisher":{"@id":"https:\/\/altairasesores.es\/es\/#organization"},"potentialAction":[{"@type":"SearchAction","target":{"@type":"EntryPoint","urlTemplate":"https:\/\/altairasesores.es\/es\/?s={search_term_string}"},"query-input":{"@type":"PropertyValueSpecification","valueRequired":true,"valueName":"search_term_string"}}],"inLanguage":"es"},{"@type":"Organization","@id":"https:\/\/altairasesores.es\/es\/#organization","name":"Altair Asesores","url":"https:\/\/altairasesores.es\/es\/","logo":{"@type":"ImageObject","inLanguage":"es","@id":"https:\/\/altairasesores.es\/es\/#\/schema\/logo\/image\/","url":"https:\/\/altairasesores.es\/wp-content\/uploads\/2022\/10\/cropped-altairlogo.png","contentUrl":"https:\/\/altairasesores.es\/wp-content\/uploads\/2022\/10\/cropped-altairlogo.png","width":406,"height":162,"caption":"Altair Asesores"},"image":{"@id":"https:\/\/altairasesores.es\/es\/#\/schema\/logo\/image\/"}}]}},"_links":{"self":[{"href":"https:\/\/altairasesores.es\/es\/wp-json\/wp\/v2\/pages\/3994","targetHints":{"allow":["GET"]}}],"collection":[{"href":"https:\/\/altairasesores.es\/es\/wp-json\/wp\/v2\/pages"}],"about":[{"href":"https:\/\/altairasesores.es\/es\/wp-json\/wp\/v2\/types\/page"}],"author":[{"embeddable":true,"href":"https:\/\/altairasesores.es\/es\/wp-json\/wp\/v2\/users\/3"}],"replies":[{"embeddable":true,"href":"https:\/\/altairasesores.es\/es\/wp-json\/wp\/v2\/comments?post=3994"}],"version-history":[{"count":1,"href":"https:\/\/altairasesores.es\/es\/wp-json\/wp\/v2\/pages\/3994\/revisions"}],"predecessor-version":[{"id":3995,"href":"https:\/\/altairasesores.es\/es\/wp-json\/wp\/v2\/pages\/3994\/revisions\/3995"}],"wp:attachment":[{"href":"https:\/\/altairasesores.es\/es\/wp-json\/wp\/v2\/media?parent=3994"}],"curies":[{"name":"wp","href":"https:\/\/api.w.org\/{rel}","templated":true}]}}