{"id":3987,"date":"2023-07-04T14:44:58","date_gmt":"2023-07-04T14:44:58","guid":{"rendered":"https:\/\/altairasesores.es\/?page_id=3987"},"modified":"2023-07-04T14:57:51","modified_gmt":"2023-07-04T14:57:51","slug":"politica-de-privacidad","status":"publish","type":"page","link":"https:\/\/altairasesores.es\/es\/politica-de-privacidad\/","title":{"rendered":"Pol\u00edtica de Privacidad"},"content":{"rendered":"<p style=\"font-weight: 400;\"><strong>POL\u00cdTICA DE PRIVACIDAD<\/strong><strong>\u00a0<\/strong><\/p>\n<p style=\"font-weight: 400;\"><strong>1.- \u00bfQui\u00e9n es el responsable del tratamiento de sus datos?<\/strong><\/p>\n<p style=\"font-weight: 400;\">El responsable del tratamiento de sus datos personales es ALTAIR ASESORES, S.L. (en adelante, \u201c<strong><em>ALTAIR<\/em><\/strong>\u201d), con C.I.F. B-79422895, y domicilio social en Calle Miguel \u00c1ngel, 4, Bajo 14, 28010, Madrid.<\/p>\n<p style=\"font-weight: 400;\">La presente Pol\u00edtica de Privacidad regula el acceso y el uso del Sitio Web (en adelante, el &#8220;<strong><em>Sitio Web<\/em><\/strong>&#8220;) que ALTAIR pone a disposici\u00f3n de los usuarios de Internet (en adelante, los &#8220;<strong><em>Usuarios<\/em><\/strong>&#8220;) interesados en los contenidos (en adelante, los &#8220;<strong><em>Contenidos<\/em><\/strong>&#8220;) y los servicios (en adelante, los &#8220;<strong><em>Servicios<\/em><\/strong>&#8220;) ofertados por ALTAIR en el mismo.<\/p>\n<p style=\"font-weight: 400;\">Correo electr\u00f3nico de contacto: ask@altairasesores.es<\/p>\n<p style=\"font-weight: 400;\"><strong>2.- Recomendaciones<\/strong><\/p>\n<p style=\"font-weight: 400;\">Por favor, lea atentamente y siga las siguientes recomendaciones:<\/p>\n<ul>\n<li>Mantenga su equipo equipado con software antivirus debidamente actualizado contra software malicioso y aplicaciones de spyware que puedan poner en peligro su navegaci\u00f3n por Internet y la informaci\u00f3n alojada en su equipo.<\/li>\n<li>Lea y revise esta Pol\u00edtica de Privacidad y todos los textos legales puestos a disposici\u00f3n por ALTAIR en el Sitio Web.<\/li>\n<\/ul>\n<p style=\"font-weight: 400;\"><strong>3.- Informaci\u00f3n sobre los datos que ALTAIR recopila a trav\u00e9s del Sitio Web<\/strong><\/p>\n<p style=\"font-weight: 400;\">Para el correcto funcionamiento del Sitio Web, ALTAIR puede tener acceso a los siguientes datos facilitados, en su caso, por parte de Usuario:<\/p>\n<ul>\n<li>Datos de identificaci\u00f3n: nombre y apellidos del usuario.<\/li>\n<li>Datos de contacto: tel\u00e9fono y email.<\/li>\n<li>Datos acad\u00e9micos y de empleo.<\/li>\n<\/ul>\n<p style=\"font-weight: 400;\"><strong>4.- \u00bfPor qu\u00e9 ALTAIR est\u00e1 legitimada para procesar sus datos?<\/strong><\/p>\n<p style=\"font-weight: 400;\">La base de legitimaci\u00f3n de\u00a0ALTAIR para\u00a0el tratamiento de los datos de los Usuarios a trav\u00e9s de este Sitio Web es el consentimiento de los Usuarios al tratamiento de sus datos personales, as\u00ed como la ejecuci\u00f3n de un contrato en el que el interesado es parte o la aplicaci\u00f3n a petici\u00f3n de este de medidas precontractuales.<\/p>\n<p style=\"font-weight: 400;\">En este sentido,\u00a0ALTAIR\u00a0trata\u00a0los datos personales de los Usuarios con la finalidad de\u00a0permitir la relaci\u00f3n comercial solicitada por el Usuario, evaluar la candidatura en los procesos de selecci\u00f3n de personal cuando el Usuario remita su Curr\u00edculum Vitae y para la remisi\u00f3n de comunicaciones comerciales\u00a0y\/o\u00a0<em>newsletters<\/em>.<\/p>\n<p style=\"font-weight: 400;\">Aceptando la presente Pol\u00edtica de Privacidad y marcando las casillas correspondientes, el Usuario presta su consentimiento a dicho tratamiento.<\/p>\n<p style=\"font-weight: 400;\">ALTAIR se toma muy en serio la protecci\u00f3n de su privacidad y sus datos personales. Por esta raz\u00f3n, sus datos personales se conservan de forma segura y se tratan con el m\u00e1ximo cuidado, de conformidad con las disposiciones del Reglamento (UE) 2016\/679 del Parlamento Europeo y del Consejo, de 27 de abril de 2016, relativo a la protecci\u00f3n de las personas f\u00edsicas en lo que respecta al tratamiento de datos personales y a la libre circulaci\u00f3n de estos datos (el &#8220;Reglamento general de protecci\u00f3n de datos&#8221; o &#8220;<strong>Reglamento de protecci\u00f3n de datos <\/strong>o <strong>RGPD<\/strong>&#8220;).<\/p>\n<p style=\"font-weight: 400;\">La presente Pol\u00edtica de Privacidad regula el acceso y el uso del servicio que ALTAIR pone a disposici\u00f3n del Usuario interesado en los servicios y contenidos alojados en el Sitio Web.<\/p>\n<p style=\"font-weight: 400;\">Por lo que respecta a este punto, el Usuario podr\u00e1 retirar su consentimiento en cualquier momento mandando un mensaje a la siguiente direcci\u00f3n de correo electr\u00f3nico: <a href=\"mailto:ask@altairasesores.es\">ask@altairasesores.es<\/a> sin que ello afecte a la licitud del tratamiento basado en el consentimiento previo a su retirada.<\/p>\n<p style=\"font-weight: 400;\"><strong>5.- \u00bfCu\u00e1les son las finalidades del tratamiento de sus datos personales?<\/strong><\/p>\n<p style=\"font-weight: 400;\">Sus datos de car\u00e1cter personal recabados por ALTAIR podr\u00e1n ser utilizados para las siguientes finalidades, seg\u00fan el consentimiento otorgado en el formulario de registro correspondiente:<\/p>\n<ul>\n<li>Permitir que el Sitio Web cumpla su funci\u00f3n de proporcionar los servicios solicitados.<\/li>\n<li>Evaluar la candidatura en los procesos de selecci\u00f3n de personal cuando el Usuario remita su Curr\u00edculum Vitae.<\/li>\n<li>Recibir por carta, tel\u00e9fono, correo electr\u00f3nico, SMS\/MMS, o por otros medios de comunicaci\u00f3n electr\u00f3nica equivalentes, comunicaciones comerciales, newsletters, o informaci\u00f3n sobre productos y servicios de ALTAIR.<\/li>\n<\/ul>\n<p style=\"font-weight: 400;\"><strong>6.- Veracidad de los datos facilitados por los Usuarios<\/strong><\/p>\n<p style=\"font-weight: 400;\">El Usuario garantiza la veracidad de los datos personales facilitados y se compromete a comunicar a ALTAIR cualquier modificaci\u00f3n de los mismos.\u00a0 El Usuario responder\u00e1, en cualquier caso, de la veracidad de los datos facilitados, reserv\u00e1ndose ALTAIR el derecho a excluir de los servicios a todo Usuario que haya facilitado datos falsos, sin perjuicio de las dem\u00e1s acciones que procedan en Derecho.<\/p>\n<p style=\"font-weight: 400;\">Se recomienda que los Usuarios protejan sus datos con la m\u00e1xima diligencia utilizando las herramientas de seguridad adecuadas. ALTAIR no ser\u00e1 responsable de ning\u00fan robo, modificaci\u00f3n ilegal o p\u00e9rdida de datos.<\/p>\n<p style=\"font-weight: 400;\">Cualquier modificaci\u00f3n o actualizaci\u00f3n de los datos deber\u00e1 ser comunicada a ALTAIR a trav\u00e9s de los medios de comunicaci\u00f3n previstos en la presente Pol\u00edtica de Privacidad.<\/p>\n<p style=\"font-weight: 400;\"><strong>7.- Conservaci\u00f3n de datos <\/strong><\/p>\n<p style=\"font-weight: 400;\">La protecci\u00f3n de la privacidad y de los datos personales de los Usuarios es muy importante para ALTAIR. Por lo tanto, ALTAIR hace todo lo posible para evitar que los datos del Usuario sean utilizados de manera inadecuada. S\u00f3lo el personal autorizado tiene acceso a los datos del Usuario.<\/p>\n<p style=\"font-weight: 400;\">Los datos personales del Usuario se conservar\u00e1n mientras permanezca su cuenta de ALTAIR activa para los fines del tratamiento para los que han sido facilitados, siempre que el Usuario no haya revocado su consentimiento, solicitando la eliminaci\u00f3n de su cuenta o el borrado de determinados datos personales del Sitio Web.<\/p>\n<p style=\"font-weight: 400;\">Posteriormente, en caso de ser necesario, ALTAIR mantendr\u00e1 la informaci\u00f3n bloqueada los plazos legalmente establecidos.<\/p>\n<p style=\"font-weight: 400;\">ALTAIR se compromete al cumplimiento de su obligaci\u00f3n de secreto y confidencialidad de los datos de car\u00e1cter personal conforme a lo dispuesto en la legislaci\u00f3n aplicable.<\/p>\n<p style=\"font-weight: 400;\"><strong>8.- Derechos de los usuarios<\/strong><\/p>\n<p style=\"font-weight: 400;\">Los usuarios tienen derecho a:<\/p>\n<ul>\n<li><strong>Acceder<\/strong> a sus datos personales;<\/li>\n<li>Solicitar la <strong>rectificaci\u00f3n<\/strong> de cualquier dato inexacto;<\/li>\n<li>Solicitar la <strong>supresi\u00f3n<\/strong> de sus datos;<\/li>\n<li>Solicitar que se <strong>limite el tratamiento<\/strong> de sus datos;<\/li>\n<li><strong>Oponerse<\/strong> al tratamiento de sus datos;<\/li>\n<li>Solicitar la <strong>portabilidad<\/strong> de sus datos.<\/li>\n<li>Asimismo, los Usuarios tendr\u00e1n derecho a <strong>no ser objeto de decisiones basadas \u00fanicamente en el tratamiento automatizado de datos.<\/strong><\/li>\n<\/ul>\n<p style=\"font-weight: 400;\">El Usuario puede ejercer todos estos derechos en la siguiente direcci\u00f3n de correo electr\u00f3nico: <a href=\"mailto:ask@altairasesores.es\">ask@altairasesores.es<\/a>indicando el motivo de su petici\u00f3n y aportando una copia de su D.N.I.<\/p>\n<p style=\"font-weight: 400;\">El Usuario puede tambi\u00e9n enviar su petici\u00f3n por correo ordinario a la siguiente direcci\u00f3n: \u00a0Calle Miguel \u00c1ngel, 4, Bajo 14, 28010, Madrid.<\/p>\n<p style=\"font-weight: 400;\">La comunicaci\u00f3n dirigida a ALTAIR deber\u00e1 contener la siguiente informaci\u00f3n:<\/p>\n<ul>\n<li>Nombre y apellidos del Usuario; fotocopia de su documento nacional de identidad, o de su pasaporte u otro documento v\u00e1lido que lo identifique.<\/li>\n<li>Petici\u00f3n en que se concreta la solicitud.<\/li>\n<\/ul>\n<p style=\"font-weight: 400;\">Sin perjuicio de cualquier otro recurso administrativo o acci\u00f3n judicial, el Usuario tendr\u00e1 derecho a presentar una reclamaci\u00f3n ante una Autoridad de Control, en particular en el Estado miembro en el que tenga su residencia habitual, lugar de trabajo o lugar de la supuesta infracci\u00f3n, en caso de que considere que el tratamiento de sus datos personales no es adecuado a la normativa, as\u00ed como en el caso de no ver satisfecho el ejercicio de sus derechos. La autoridad de control ante la que se haya presentado la reclamaci\u00f3n informar\u00e1 al reclamante sobre el curso y el resultado de la reclamaci\u00f3n.<\/p>\n<p style=\"font-weight: 400;\"><strong>9.- Seguridad de datos<\/strong><\/p>\n<p style=\"font-weight: 400;\">La protecci\u00f3n de la privacidad y de los datos personales de los Usuarios es muy importante para ALTAIR. Por ello, ALTAIR ha tomado todas las medidas a su alcance para evitar que sus datos sean utilizados de forma indebida, permitiendo el acceso a los mismos \u00fanicamente al personal autorizado.<\/p>\n<p style=\"font-weight: 400;\">ALTAIR mantiene la seguridad adecuada para la protecci\u00f3n de los datos personales de acuerdo con la legislaci\u00f3n aplicable y ha establecido todos los medios t\u00e9cnicos a su alcance para evitar la p\u00e9rdida, mal uso, alteraci\u00f3n, acceso no autorizado y robo de los datos facilitados por el Usuario a trav\u00e9s del Sitio Web, sin perjuicio de informarle de que las medidas de seguridad en Internet no son inexpugnables.<\/p>\n<p style=\"font-weight: 400;\">ALTAIR se compromete a cumplir con el deber de secreto y confidencialidad respecto a los datos de car\u00e1cter personal de acuerdo con la legislaci\u00f3n aplicable.<\/p>\n<p style=\"font-weight: 400;\">ALTAIR no ser\u00e1 responsable de los da\u00f1os y perjuicios que pudieran derivarse del incumplimiento de esta obligaci\u00f3n por parte del Usuario.<\/p>\n<p style=\"font-weight: 400;\"><strong>10.- Transferencias y\/o cesiones a terceros <\/strong><\/p>\n<p style=\"font-weight: 400;\">Se informa al Usuario de que sus datos de car\u00e1cter personal no podr\u00e1n ser cedidos a terceras empresas o entidades.<\/p>\n<p style=\"font-weight: 400;\">Los datos de los Usuarios \u00fanicamente podr\u00e1n ser utilizados por ALTAIR para cualquier uso que sirva para cumplir correctamente con las finalidades del tratamiento de datos de car\u00e1cter personal recogidas en el punto 4 de esta Pol\u00edtica de Privacidad.<\/p>\n<p style=\"font-weight: 400;\"><strong>11.- Preguntas<\/strong><\/p>\n<p style=\"font-weight: 400;\">Si tiene alguna duda sobre nuestra Pol\u00edtica de Privacidad, p\u00f3ngase en contacto con nosotros enviando un correo electr\u00f3nico a ask@altairasesores.es.<\/p>\n<p style=\"font-weight: 400;\">\u00a0Asimismo, si considera que sus derechos no est\u00e1n debidamente salvaguardados, tiene derecho a presentar una reclamaci\u00f3n ante la Agencia Espa\u00f1ola de Protecci\u00f3n de Datos, cuyos datos de contacto son: tel\u00e9fonos 901 100 099 y 912 663 517; direcci\u00f3n postal C\/Jorge Juan 6, 28001 Madrid; oficina electr\u00f3nica <a href=\"https:\/\/sedeagpd.gob.es\/sede-electronica-web\/\">https:\/\/sedeagpd.gob.es\/sede-electronica-web\/<\/a> y Solicitud <a href=\"http:\/\/www.agpd.es\/\">www.agpd.es<\/a><\/p>\n<p style=\"font-weight: 400;\"><strong>12.- Aceptaci\u00f3n y Consentimiento<\/strong><\/p>\n<p style=\"font-weight: 400;\">El Usuario declara haber sido informado de las condiciones sobre protecci\u00f3n de datos personales, aceptando y consintiendo el tratamiento de los mismos por parte de ALTAIR, en la forma y para las finalidades indicadas en la presente Pol\u00edtica de Privacidad<\/p>\n<p style=\"font-weight: 400;\">\n","protected":false},"excerpt":{"rendered":"<p>POL\u00cdTICA DE PRIVACIDAD\u00a0 1.- \u00bfQui\u00e9n es el responsable del tratamiento de sus datos? El responsable del tratamiento de sus datos personales es ALTAIR ASESORES, S.L. (en adelante, \u201cALTAIR\u201d), con C.I.F. B-79422895, y domicilio social en Calle Miguel \u00c1ngel, 4, Bajo 14, 28010, Madrid. La presente Pol\u00edtica de Privacidad regula el acceso y el uso del [&hellip;]<\/p>\n","protected":false},"author":3,"featured_media":0,"parent":0,"menu_order":0,"comment_status":"closed","ping_status":"closed","template":"","meta":{"nf_dc_page":"","site-sidebar-layout":"default","site-content-layout":"default","ast-site-content-layout":"default","site-content-style":"default","site-sidebar-style":"default","ast-global-header-display":"","ast-banner-title-visibility":"","ast-main-header-display":"","ast-hfb-above-header-display":"","ast-hfb-below-header-display":"","ast-hfb-mobile-header-display":"","site-post-title":"","ast-breadcrumbs-content":"","ast-featured-img":"","footer-sml-layout":"","ast-disable-related-posts":"","theme-transparent-header-meta":"default","adv-header-id-meta":"","stick-header-meta":"","header-above-stick-meta":"","header-main-stick-meta":"","header-below-stick-meta":"","astra-migrate-meta-layouts":"default","ast-page-background-enabled":"default","ast-page-background-meta":{"desktop":{"background-color":"var(--ast-global-color-4)","background-image":"","background-repeat":"repeat","background-position":"center center","background-size":"auto","background-attachment":"scroll","background-type":"","background-media":"","overlay-type":"","overlay-color":"","overlay-opacity":"","overlay-gradient":""},"tablet":{"background-color":"","background-image":"","background-repeat":"repeat","background-position":"center center","background-size":"auto","background-attachment":"scroll","background-type":"","background-media":"","overlay-type":"","overlay-color":"","overlay-opacity":"","overlay-gradient":""},"mobile":{"background-color":"","background-image":"","background-repeat":"repeat","background-position":"center center","background-size":"auto","background-attachment":"scroll","background-type":"","background-media":"","overlay-type":"","overlay-color":"","overlay-opacity":"","overlay-gradient":""}},"ast-content-background-meta":{"desktop":{"background-color":"var(--ast-global-color-5)","background-image":"","background-repeat":"repeat","background-position":"center center","background-size":"auto","background-attachment":"scroll","background-type":"","background-media":"","overlay-type":"","overlay-color":"","overlay-opacity":"","overlay-gradient":""},"tablet":{"background-color":"var(--ast-global-color-5)","background-image":"","background-repeat":"repeat","background-position":"center center","background-size":"auto","background-attachment":"scroll","background-type":"","background-media":"","overlay-type":"","overlay-color":"","overlay-opacity":"","overlay-gradient":""},"mobile":{"background-color":"var(--ast-global-color-5)","background-image":"","background-repeat":"repeat","background-position":"center center","background-size":"auto","background-attachment":"scroll","background-type":"","background-media":"","overlay-type":"","overlay-color":"","overlay-opacity":"","overlay-gradient":""}},"footnotes":""},"class_list":["post-3987","page","type-page","status-publish","hentry"],"yoast_head":"<!-- This site is optimized with the Yoast SEO plugin v27.4 - https:\/\/yoast.com\/product\/yoast-seo-wordpress\/ -->\n<title>Pol\u00edtica de Privacidad - Altair Asesores<\/title>\n<meta name=\"robots\" content=\"index, follow, max-snippet:-1, max-image-preview:large, max-video-preview:-1\" \/>\n<link rel=\"canonical\" href=\"https:\/\/altairasesores.es\/es\/politica-de-privacidad\/\" \/>\n<meta property=\"og:locale\" content=\"es_ES\" \/>\n<meta property=\"og:type\" content=\"article\" \/>\n<meta property=\"og:title\" content=\"Pol\u00edtica de Privacidad - Altair Asesores\" \/>\n<meta property=\"og:description\" content=\"POL\u00cdTICA DE PRIVACIDAD\u00a0 1.- \u00bfQui\u00e9n es el responsable del tratamiento de sus datos? El responsable del tratamiento de sus datos personales es ALTAIR ASESORES, S.L. (en adelante, \u201cALTAIR\u201d), con C.I.F. B-79422895, y domicilio social en Calle Miguel \u00c1ngel, 4, Bajo 14, 28010, Madrid. La presente Pol\u00edtica de Privacidad regula el acceso y el uso del [&hellip;]\" \/>\n<meta property=\"og:url\" content=\"https:\/\/altairasesores.es\/es\/politica-de-privacidad\/\" \/>\n<meta property=\"og:site_name\" content=\"Altair Asesores\" \/>\n<meta property=\"article:modified_time\" content=\"2023-07-04T14:57:51+00:00\" \/>\n<meta name=\"twitter:card\" content=\"summary_large_image\" \/>\n<meta name=\"twitter:label1\" content=\"Tiempo de lectura\" \/>\n\t<meta name=\"twitter:data1\" content=\"8 minutos\" \/>\n<script type=\"application\/ld+json\" class=\"yoast-schema-graph\">{\"@context\":\"https:\\\/\\\/schema.org\",\"@graph\":[{\"@type\":\"WebPage\",\"@id\":\"https:\\\/\\\/altairasesores.es\\\/es\\\/politica-de-privacidad\\\/\",\"url\":\"https:\\\/\\\/altairasesores.es\\\/es\\\/politica-de-privacidad\\\/\",\"name\":\"Pol\u00edtica de Privacidad - Altair Asesores\",\"isPartOf\":{\"@id\":\"https:\\\/\\\/altairasesores.es\\\/es\\\/#website\"},\"datePublished\":\"2023-07-04T14:44:58+00:00\",\"dateModified\":\"2023-07-04T14:57:51+00:00\",\"breadcrumb\":{\"@id\":\"https:\\\/\\\/altairasesores.es\\\/es\\\/politica-de-privacidad\\\/#breadcrumb\"},\"inLanguage\":\"es\",\"potentialAction\":[{\"@type\":\"ReadAction\",\"target\":[\"https:\\\/\\\/altairasesores.es\\\/es\\\/politica-de-privacidad\\\/\"]}]},{\"@type\":\"BreadcrumbList\",\"@id\":\"https:\\\/\\\/altairasesores.es\\\/es\\\/politica-de-privacidad\\\/#breadcrumb\",\"itemListElement\":[{\"@type\":\"ListItem\",\"position\":1,\"name\":\"Home\",\"item\":\"https:\\\/\\\/altairasesores.es\\\/es\\\/\"},{\"@type\":\"ListItem\",\"position\":2,\"name\":\"Pol\u00edtica de Privacidad\"}]},{\"@type\":\"WebSite\",\"@id\":\"https:\\\/\\\/altairasesores.es\\\/es\\\/#website\",\"url\":\"https:\\\/\\\/altairasesores.es\\\/es\\\/\",\"name\":\"Altair Asesores\",\"description\":\"Creating better world, promoting good governance and development\",\"publisher\":{\"@id\":\"https:\\\/\\\/altairasesores.es\\\/es\\\/#organization\"},\"potentialAction\":[{\"@type\":\"SearchAction\",\"target\":{\"@type\":\"EntryPoint\",\"urlTemplate\":\"https:\\\/\\\/altairasesores.es\\\/es\\\/?s={search_term_string}\"},\"query-input\":{\"@type\":\"PropertyValueSpecification\",\"valueRequired\":true,\"valueName\":\"search_term_string\"}}],\"inLanguage\":\"es\"},{\"@type\":\"Organization\",\"@id\":\"https:\\\/\\\/altairasesores.es\\\/es\\\/#organization\",\"name\":\"Altair Asesores\",\"url\":\"https:\\\/\\\/altairasesores.es\\\/es\\\/\",\"logo\":{\"@type\":\"ImageObject\",\"inLanguage\":\"es\",\"@id\":\"https:\\\/\\\/altairasesores.es\\\/es\\\/#\\\/schema\\\/logo\\\/image\\\/\",\"url\":\"https:\\\/\\\/altairasesores.es\\\/wp-content\\\/uploads\\\/2022\\\/10\\\/cropped-altairlogo.png\",\"contentUrl\":\"https:\\\/\\\/altairasesores.es\\\/wp-content\\\/uploads\\\/2022\\\/10\\\/cropped-altairlogo.png\",\"width\":406,\"height\":162,\"caption\":\"Altair Asesores\"},\"image\":{\"@id\":\"https:\\\/\\\/altairasesores.es\\\/es\\\/#\\\/schema\\\/logo\\\/image\\\/\"}}]}<\/script>\n<!-- \/ Yoast SEO plugin. -->","yoast_head_json":{"title":"Pol\u00edtica de Privacidad - Altair Asesores","robots":{"index":"index","follow":"follow","max-snippet":"max-snippet:-1","max-image-preview":"max-image-preview:large","max-video-preview":"max-video-preview:-1"},"canonical":"https:\/\/altairasesores.es\/es\/politica-de-privacidad\/","og_locale":"es_ES","og_type":"article","og_title":"Pol\u00edtica de Privacidad - Altair Asesores","og_description":"POL\u00cdTICA DE PRIVACIDAD\u00a0 1.- \u00bfQui\u00e9n es el responsable del tratamiento de sus datos? El responsable del tratamiento de sus datos personales es ALTAIR ASESORES, S.L. (en adelante, \u201cALTAIR\u201d), con C.I.F. B-79422895, y domicilio social en Calle Miguel \u00c1ngel, 4, Bajo 14, 28010, Madrid. La presente Pol\u00edtica de Privacidad regula el acceso y el uso del [&hellip;]","og_url":"https:\/\/altairasesores.es\/es\/politica-de-privacidad\/","og_site_name":"Altair Asesores","article_modified_time":"2023-07-04T14:57:51+00:00","twitter_card":"summary_large_image","twitter_misc":{"Tiempo de lectura":"8 minutos"},"schema":{"@context":"https:\/\/schema.org","@graph":[{"@type":"WebPage","@id":"https:\/\/altairasesores.es\/es\/politica-de-privacidad\/","url":"https:\/\/altairasesores.es\/es\/politica-de-privacidad\/","name":"Pol\u00edtica de Privacidad - Altair Asesores","isPartOf":{"@id":"https:\/\/altairasesores.es\/es\/#website"},"datePublished":"2023-07-04T14:44:58+00:00","dateModified":"2023-07-04T14:57:51+00:00","breadcrumb":{"@id":"https:\/\/altairasesores.es\/es\/politica-de-privacidad\/#breadcrumb"},"inLanguage":"es","potentialAction":[{"@type":"ReadAction","target":["https:\/\/altairasesores.es\/es\/politica-de-privacidad\/"]}]},{"@type":"BreadcrumbList","@id":"https:\/\/altairasesores.es\/es\/politica-de-privacidad\/#breadcrumb","itemListElement":[{"@type":"ListItem","position":1,"name":"Home","item":"https:\/\/altairasesores.es\/es\/"},{"@type":"ListItem","position":2,"name":"Pol\u00edtica de Privacidad"}]},{"@type":"WebSite","@id":"https:\/\/altairasesores.es\/es\/#website","url":"https:\/\/altairasesores.es\/es\/","name":"Altair Asesores","description":"Creating better world, promoting good governance and development","publisher":{"@id":"https:\/\/altairasesores.es\/es\/#organization"},"potentialAction":[{"@type":"SearchAction","target":{"@type":"EntryPoint","urlTemplate":"https:\/\/altairasesores.es\/es\/?s={search_term_string}"},"query-input":{"@type":"PropertyValueSpecification","valueRequired":true,"valueName":"search_term_string"}}],"inLanguage":"es"},{"@type":"Organization","@id":"https:\/\/altairasesores.es\/es\/#organization","name":"Altair Asesores","url":"https:\/\/altairasesores.es\/es\/","logo":{"@type":"ImageObject","inLanguage":"es","@id":"https:\/\/altairasesores.es\/es\/#\/schema\/logo\/image\/","url":"https:\/\/altairasesores.es\/wp-content\/uploads\/2022\/10\/cropped-altairlogo.png","contentUrl":"https:\/\/altairasesores.es\/wp-content\/uploads\/2022\/10\/cropped-altairlogo.png","width":406,"height":162,"caption":"Altair Asesores"},"image":{"@id":"https:\/\/altairasesores.es\/es\/#\/schema\/logo\/image\/"}}]}},"_links":{"self":[{"href":"https:\/\/altairasesores.es\/es\/wp-json\/wp\/v2\/pages\/3987","targetHints":{"allow":["GET"]}}],"collection":[{"href":"https:\/\/altairasesores.es\/es\/wp-json\/wp\/v2\/pages"}],"about":[{"href":"https:\/\/altairasesores.es\/es\/wp-json\/wp\/v2\/types\/page"}],"author":[{"embeddable":true,"href":"https:\/\/altairasesores.es\/es\/wp-json\/wp\/v2\/users\/3"}],"replies":[{"embeddable":true,"href":"https:\/\/altairasesores.es\/es\/wp-json\/wp\/v2\/comments?post=3987"}],"version-history":[{"count":1,"href":"https:\/\/altairasesores.es\/es\/wp-json\/wp\/v2\/pages\/3987\/revisions"}],"predecessor-version":[{"id":3988,"href":"https:\/\/altairasesores.es\/es\/wp-json\/wp\/v2\/pages\/3987\/revisions\/3988"}],"wp:attachment":[{"href":"https:\/\/altairasesores.es\/es\/wp-json\/wp\/v2\/media?parent=3987"}],"curies":[{"name":"wp","href":"https:\/\/api.w.org\/{rel}","templated":true}]}}