{"id":3974,"date":"2023-07-04T14:27:38","date_gmt":"2023-07-04T14:27:38","guid":{"rendered":"https:\/\/altairasesores.es\/?page_id=3974"},"modified":"2023-07-04T14:32:46","modified_gmt":"2023-07-04T14:32:46","slug":"politica-de-cookies","status":"publish","type":"page","link":"https:\/\/altairasesores.es\/es\/politica-de-cookies\/","title":{"rendered":"Pol\u00edtica de Cookies"},"content":{"rendered":"\t\t<div data-elementor-type=\"wp-page\" data-elementor-id=\"3974\" class=\"elementor elementor-3974\">\n\t\t\t\t\t\t<section class=\"elementor-section elementor-top-section elementor-element elementor-element-7a60402 elementor-section-boxed elementor-section-height-default elementor-section-height-default\" data-id=\"7a60402\" data-element_type=\"section\" data-e-type=\"section\">\n\t\t\t\t\t\t<div class=\"elementor-container elementor-column-gap-default\">\n\t\t\t\t\t<div class=\"elementor-column elementor-col-100 elementor-top-column elementor-element elementor-element-6de1612\" data-id=\"6de1612\" data-element_type=\"column\" data-e-type=\"column\">\n\t\t\t<div class=\"elementor-widget-wrap elementor-element-populated\">\n\t\t\t\t\t\t<div class=\"elementor-element elementor-element-032685f elementor-widget elementor-widget-text-editor\" data-id=\"032685f\" data-element_type=\"widget\" data-e-type=\"widget\" data-widget_type=\"text-editor.default\">\n\t\t\t\t<div class=\"elementor-widget-container\">\n\t\t\t\t\t\t\t\t\t<p style=\"font-weight: 400;\"><strong>POL\u00cdTICA DE COOKIES<\/strong><\/p><p style=\"font-weight: 400;\"><a name=\"_Toc525719695\"><\/a>ALTAIR ASESORES, S.L. (en adelante, \u201c<strong><em>ALTAIR<\/em><\/strong>\u201d) informa, a trav\u00e9s de la presente Pol\u00edtica de Cookies, acerca de la utilizaci\u00f3n de dispositivos de almacenamiento y recuperaci\u00f3n de datos en equipos terminales de los Usuarios.<\/p><p style=\"font-weight: 400;\"><strong>1.- \u00bfQu\u00e9 son las cookies?<\/strong><\/p><p style=\"font-weight: 400;\">Las cookies son archivos o ficheros que se descargan en el ordenador\/smartphone\/tablet del Usuario al acceder a determinadas p\u00e1ginas web y aplicaciones que permiten almacenar preferencias de la navegaci\u00f3n del Usuario, haciendo que la interacci\u00f3n entre el Usuario y el Sitio Web sea m\u00e1s r\u00e1pida y f\u00e1cil.<\/p><p style=\"font-weight: 400;\">La informaci\u00f3n recogida por las cookies es an\u00f3nima y no contiene ninguna informaci\u00f3n sensible ya que no recogen datos que puedan identificar personalmente al Usuario. En cualquier caso, el Usuario podr\u00e1 acceder a la configuraci\u00f3n de su navegador para modificar y\/o bloquear la instalaci\u00f3n de las Cookies enviadas desde el Sitio Web, sin que ello impida al acceso a los contenidos.<\/p><p style=\"font-weight: 400;\"><a name=\"_Toc525719696\"><\/a><strong>2.- \u00bfPara qu\u00e9 utiliza ALTAIR las cookies?<\/strong><\/p><p style=\"font-weight: 400;\">De conformidad con el art\u00edculo 22 de la Ley de Servicios de la Sociedad de la Informaci\u00f3n y Comercio Electr\u00f3nico, as\u00ed como en el Considerando (30) del Reglamento General de Protecci\u00f3n de Datos (en adelante, \u201c<strong><em>RGPD<\/em><\/strong>\u201d), el presente Sitio Web utiliza cookies u otros dispositivos de almacenamiento y recuperaci\u00f3n de informaci\u00f3n para realizar un seguimiento de las interacciones de los Usuarios con los servicios ofrecidos en el Sitio Web.<\/p><p style=\"font-weight: 400;\">Las\u00a0cookies\u00a0permiten reconocer el navegador de un Usuario, as\u00ed como el tipo de dispositivo desde el que se accede al Sitio Web, y se utilizan para facilitar la pr\u00f3xima visita del Usuario y hacer que el Sitio Web resulte m\u00e1s \u00fatil.<\/p><p style=\"font-weight: 400;\">ALTAIR utiliza las cookies para:<\/p><ul><li>Optimizar la navegaci\u00f3n del Usuario mediante el seguimiento de la sesi\u00f3n.<\/li><li>Recopilar informaci\u00f3n para optimizar la navegaci\u00f3n y mejorar el Sitio Web.<\/li><\/ul><p><strong>3.- Cookies de este sitio web<\/strong><\/p><p style=\"font-weight: 400;\">El Sitio Web utiliza los siguientes tipos de cookies:<\/p><ul style=\"font-weight: 400;\"><li><strong>Obligatorias<\/strong>: Cookies estrictamente necesarias para prestar un servicio o contenido solicitado por el usuario. \u00c9stas se encargan de aspectos t\u00e9cnicos como identificar registros y gestionar preferencias de herramientas en el uso, interacci\u00f3n y localizaci\u00f3n del acceso a los contenidos.<\/li><\/ul><table width=\"527\"><tbody><tr><td width=\"169\"><p><strong>Nombre<\/strong><\/p><\/td><td width=\"186\"><p><strong>\u00a0<\/strong><strong>Finalidad<\/strong><\/p><\/td><td width=\"87\"><p><strong>Caducidad<\/strong><\/p><\/td><td width=\"85\"><p><strong>Proveedor<\/strong><\/p><\/td><\/tr><tr><td width=\"169\"><p>XSRF-TOKEN<\/p><\/td><td width=\"186\"><p>Se usa por razones de seguridad<\/p><\/td><td width=\"87\"><p>Sesi\u00f3n<\/p><\/td><td width=\"85\"><p>Wix<\/p><\/td><\/tr><tr><td width=\"169\"><p>hs<\/p><\/td><td width=\"186\"><p>Se usa por razones de seguridad<\/p><\/td><td width=\"87\"><p>Sesi\u00f3n<\/p><\/td><td width=\"85\"><p>Wix<\/p><\/td><\/tr><tr><td width=\"169\"><p>svSession<\/p><\/td><td width=\"186\"><p>Se usa en conexi\u00f3n con el inicio de sesi\u00f3n del usuario<\/p><\/td><td width=\"87\"><p>2 a\u00f1os<\/p><\/td><td width=\"85\"><p>Wix<\/p><\/td><\/tr><tr><td width=\"169\"><p>SSR-caching<\/p><\/td><td width=\"186\"><p>Se usa para indicar el sistema desde el que se reprodujo el sitio<\/p><\/td><td width=\"87\"><p>1 minuto<\/p><\/td><td width=\"85\"><p>Wix<\/p><\/td><\/tr><tr><td width=\"169\"><p>_wixCIDX<\/p><\/td><td width=\"186\"><p>Se usa para la monitorizaci\u00f3n\/depuraci\u00f3n del sistema<\/p><\/td><td width=\"87\"><p>3 meses<\/p><\/td><td width=\"85\"><p>Wix<\/p><\/td><\/tr><tr><td width=\"169\"><p>_wix_browser_sess<\/p><\/td><td width=\"186\"><p>Se usa para la monitorizaci\u00f3n\/depuraci\u00f3n del sistema<\/p><\/td><td width=\"87\"><p>Sesi\u00f3n<\/p><\/td><td width=\"85\"><p>Wix<\/p><\/td><\/tr><tr><td width=\"169\"><p>consent-policy<\/p><\/td><td width=\"186\"><p>Se usa para par\u00e1metros de banner de cookies<\/p><\/td><td width=\"87\"><p>12 meses<\/p><\/td><td width=\"85\"><p>Wix<\/p><\/td><\/tr><tr><td width=\"169\"><p>bSession<\/p><\/td><td width=\"186\"><p>Se usa para medir la eficacia del sistema<\/p><\/td><td width=\"87\"><p>30 minutos<\/p><\/td><td width=\"85\"><p>Wix<\/p><\/td><\/tr><tr><td width=\"169\"><p>fedops.logger.sessionId<\/p><\/td><td width=\"186\"><p>Se utiliza para medir la estabilidad\/eficacia<\/p><\/td><td width=\"87\"><p>12 meses<\/p><\/td><td width=\"85\"><p>Wix<\/p><\/td><\/tr><\/tbody><\/table><p style=\"font-weight: 400;\">\u00a0<\/p><ul style=\"font-weight: 400;\"><li><a name=\"_Toc525719698\"><\/a><a name=\"_Toc2270156\"><\/a><strong>Funcionales<\/strong>: Las cookies funcionales dan al usuario informaci\u00f3n que enriquece la experiencia de navegaci\u00f3n como, por ejemplo, mostrar el pron\u00f3stico del tiempo basado en su ubicaci\u00f3n.<\/li><\/ul><table width=\"512\"><tbody><tr><td width=\"121\"><p><strong>Nombre<\/strong><\/p><\/td><td width=\"218\"><p><strong>\u00a0<\/strong><strong>Finalidad<\/strong><\/p><\/td><td width=\"87\"><p><strong>Caducidad<\/strong><\/p><\/td><td width=\"85\"><p><strong>Proveedor<\/strong><\/p><\/td><\/tr><tr><td width=\"121\"><p>wixLanguage<\/p><\/td><td width=\"218\"><p>Se utiliza en sitios web multiling\u00fces para guardar la preferencia de idioma del usuario<\/p><\/td><td width=\"87\"><p>12 meses<\/p><\/td><td width=\"85\"><p>Wix<\/p><\/td><\/tr><\/tbody><\/table><p style=\"font-weight: 400;\">\u00a0<\/p><p style=\"font-weight: 400;\"><a name=\"_Toc525719701\"><\/a><strong>4.- \u00bfC\u00f3mo deshabilitar las cookies?<\/strong><\/p><p style=\"font-weight: 400;\">Aquellas cookies que no sean obligatorias para la navegaci\u00f3n del presente Sitio Web podr\u00e1n deshabilitarse haciendo click en Setting en el banner de acceso.<\/p><p style=\"font-weight: 400;\">Estos ajustes se encuentran en el pie de p\u00e1gina del Sitio Web. Adem\u00e1s, todos los navegadores permiten hacer cambios para desactivar la configuraci\u00f3n de las cookies.<\/p><p style=\"font-weight: 400;\">Este es el motivo por el que la mayor\u00eda de los navegadores ofrecen la posibilidad de administrar las cookies, para obtener un control m\u00e1s preciso sobre la privacidad.<\/p><p style=\"font-weight: 400;\">Estos ajustes se encuentran ubicados en las &#8220;opciones&#8221; o &#8220;preferencias&#8221; del men\u00fa de su navegador.<\/p><p style=\"font-weight: 400;\">A continuaci\u00f3n, podr\u00e1 encontrar los links de cada navegador para deshabilitar las cookies siguiendo las instrucciones:<\/p><p><a name=\"_Toc525719702\"><\/a><a name=\"_Toc2270159\"><\/a> <strong>Internet Explorer<\/strong> (<a href=\"https:\/\/goo.gl\/iU2wh2\">https:\/\/goo.gl\/iU2wh2<\/a> )<\/p><ul><li>En el men\u00fa de herramientas, selecciones \u201cOpciones de Internet\u201d.<\/li><li>Haga clic en la pesta\u00f1a de privacidad.<\/li><li>Podr\u00e1 configurar la privacidad con un cursor con seis posiciones que le permite controlar la cantidad de cookies que se instalar\u00e1n: Bloquear todas las cookies, Alta, Media Alto, Media (nivel por defecto), Baja y Aceptar todas las cookies.<\/li><\/ul><p><a name=\"_Toc525719703\"><\/a><a name=\"_Toc2270160\"><\/a> <strong>Mozilla Firefox<\/strong> (<a href=\"http:\/\/goo.gl\/QXWYmv\">http:\/\/goo.gl\/QXWYmv<\/a>)<\/p><ul><li>En la parte superior de la venta de Firefox hacer clic en el men\u00fa Herramientas.<\/li><li>Seleccionar Opciones.<\/li><li>Seleccionar el panel Privacidad.<\/li><li>En la opci\u00f3n Firefox podr\u00e1 elegir Usar una configuraci\u00f3n personalizada de su historial, as\u00ed como otras cuestiones relacionadas con su Privacidad.<\/li><\/ul><p><a name=\"_Toc525719704\"><\/a><a name=\"_Toc2270161\"><\/a> <strong>Google Chrome<\/strong> (<a href=\"http:\/\/goo.gl\/fQnkSB\">http:\/\/goo.gl\/fQnkSB<\/a>)<\/p><ul><li>Hacer clic en el men\u00fa situado en la barra de herramientas.<\/li><li>Seleccionar Configuraci\u00f3n.<\/li><li>Hacer clic en Mostar opciones avanzadas.<\/li><li>En la selecci\u00f3n \u201cPrivacidad\u201d hacer clic en el bot\u00f3n Configuraci\u00f3n de contenido.<\/li><li>En la selecci\u00f3n de Cookies, se pueden configurar las opciones.<\/li><\/ul><p><a name=\"_Toc525719705\"><\/a><a name=\"_Toc2270162\"><\/a> <strong>Safari<\/strong> (<a href=\"https:\/\/goo.gl\/PCjEm3\">https:\/\/goo.gl\/PcjEm3<\/a>; <a href=\"https:\/\/goo.gl\/dQywEo)\">https:\/\/goo.gl\/dQywEo)<\/a><\/p><ul><li>En el men\u00fa de configuraci\u00f3n seleccione la opci\u00f3n de \u201cPreferencias\u201d.<\/li><li>Abra la pesta\u00f1a de privacidad.<\/li><li>Seleccione la opci\u00f3n que quiera de la secci\u00f3n de \u201cbloquear cookies\u201d.<\/li><li>Recuerde que ciertas funciones y la plena funcionalidad del Sitio Web pueden no estar disponibles despu\u00e9s de deshabilitar las cookies.<\/li><\/ul><p style=\"font-weight: 400;\">Si no desea ser rastreado por las cookies, Google ha desarrollado un complemento para instalar en su navegador al que puede acceder en el siguiente enlace: \u00a0<a href=\"http:\/\/goo.gl\/up4ND\">http:\/\/goo.gl\/up4ND<\/a>. <a name=\"_Toc525719706\"><\/a><\/p><p style=\"font-weight: 400;\"><strong>5.- Cookies en los dispositivos m\u00f3viles<\/strong><\/p><p style=\"font-weight: 400;\">El Sitio Web de ALTAIR tambi\u00e9n usa cookies u otros dispositivos de almacenamiento en dispositivos m\u00f3viles.<\/p><p style=\"font-weight: 400;\">Aquellas cookies que no sean obligatorias para la navegaci\u00f3n del presente Sitio Web podr\u00e1n deshabilitarse en el banner de acceso, pinchando en Settings.<\/p><p style=\"font-weight: 400;\">Estos ajustes se encuentran en el pie de p\u00e1gina del Sitio Web. Adem\u00e1s, al igual que sucede en los navegadores de ordenadores, lo navegadores de los dispositivos m\u00f3viles permiten realizar cambios en las opciones o ajustes de privacidad para desactivar o eliminar las cookies.<\/p><p style=\"font-weight: 400;\">Si desea modificar las opciones de privacidad siga las instrucciones especificadas por el desarrollador de su navegador para dispositivo m\u00f3vil.<\/p><p style=\"font-weight: 400;\">A continuaci\u00f3n, podr\u00e1 encontrar algunos ejemplos de los links que le guiar\u00e1n para modificar las opciones de privacidad en su dispositivo m\u00f3vil:<\/p><ul><li><a name=\"_Toc525719707\"><\/a><a name=\"_Toc2270163\"><\/a> <strong>IOS<\/strong>: (<a href=\"http:\/\/goo.gl\/61xevS\">http:\/\/goo.gl\/61xevS<\/a>)<\/li><li><a name=\"_Toc525719708\"><\/a><a name=\"_Toc2270164\"><\/a> <strong>Windows Phone<\/strong>: (<a href=\"https:\/\/goo.gl\/tKyb0y\">https:\/\/goo.gl\/tKyb0y<\/a>)<\/li><li><a name=\"_Toc525719709\"><\/a><a name=\"_Toc2270165\"><\/a> <strong>Chrome Mobile<\/strong>: (<a href=\"http:\/\/goo.gl\/XJp7N\">http:\/\/goo.gl\/XJp7N<\/a>)<\/li><li><a name=\"_Toc525719710\"><\/a><a name=\"_Toc2270166\"><\/a> <strong>Opera Mobile<\/strong>: (<a href=\"http:\/\/goo.gl\/Nzr8s7)\">http:\/\/goo.gl\/Nzr8s7)<\/a><\/li><\/ul><p style=\"font-weight: 400;\"><a name=\"_Toc525719711\"><\/a><strong>6.- Aceptaci\u00f3n de cookies<\/strong><\/p><p style=\"font-weight: 400;\">El presente Sitio Web no instala nuestras cookies en los dispositivos de los usuarios hasta que estos hayan aceptado la instalaci\u00f3n de \u00e9stas.<\/p><p style=\"font-weight: 400;\">Le informamos que en el caso de no aceptar la instalaci\u00f3n de cookies o de deshabilitar alguna de estas en la configuraci\u00f3n, es posible que ciertos servicios no est\u00e9n disponibles sin la utilizaci\u00f3n de estas o que no pueda acceder a determinados servicios ni tampoco aprovechar por completo todo lo que este Sitio Web le ofrece.<\/p>\t\t\t\t\t\t\t\t<\/div>\n\t\t\t\t<\/div>\n\t\t\t\t\t<\/div>\n\t\t<\/div>\n\t\t\t\t\t<\/div>\n\t\t<\/section>\n\t\t\t\t<\/div>\n\t\t","protected":false},"excerpt":{"rendered":"<p>POL\u00cdTICA DE COOKIES ALTAIR ASESORES, S.L. (en adelante, \u201cALTAIR\u201d) informa, a trav\u00e9s de la presente Pol\u00edtica de Cookies, acerca de la utilizaci\u00f3n de dispositivos de almacenamiento y recuperaci\u00f3n de datos en equipos terminales de los Usuarios. 1.- \u00bfQu\u00e9 son las cookies? Las cookies son archivos o ficheros que se descargan en el ordenador\/smartphone\/tablet del Usuario [&hellip;]<\/p>\n","protected":false},"author":3,"featured_media":0,"parent":0,"menu_order":0,"comment_status":"closed","ping_status":"closed","template":"","meta":{"nf_dc_page":"","site-sidebar-layout":"no-sidebar","site-content-layout":"page-builder","ast-site-content-layout":"default","site-content-style":"default","site-sidebar-style":"default","ast-global-header-display":"","ast-banner-title-visibility":"","ast-main-header-display":"","ast-hfb-above-header-display":"","ast-hfb-below-header-display":"","ast-hfb-mobile-header-display":"","site-post-title":"disabled","ast-breadcrumbs-content":"","ast-featured-img":"disabled","footer-sml-layout":"","ast-disable-related-posts":"","theme-transparent-header-meta":"","adv-header-id-meta":"","stick-header-meta":"","header-above-stick-meta":"","header-main-stick-meta":"","header-below-stick-meta":"","astra-migrate-meta-layouts":"default","ast-page-background-enabled":"default","ast-page-background-meta":{"desktop":{"background-color":"var(--ast-global-color-4)","background-image":"","background-repeat":"repeat","background-position":"center center","background-size":"auto","background-attachment":"scroll","background-type":"","background-media":"","overlay-type":"","overlay-color":"","overlay-opacity":"","overlay-gradient":""},"tablet":{"background-color":"","background-image":"","background-repeat":"repeat","background-position":"center center","background-size":"auto","background-attachment":"scroll","background-type":"","background-media":"","overlay-type":"","overlay-color":"","overlay-opacity":"","overlay-gradient":""},"mobile":{"background-color":"","background-image":"","background-repeat":"repeat","background-position":"center center","background-size":"auto","background-attachment":"scroll","background-type":"","background-media":"","overlay-type":"","overlay-color":"","overlay-opacity":"","overlay-gradient":""}},"ast-content-background-meta":{"desktop":{"background-color":"var(--ast-global-color-5)","background-image":"","background-repeat":"repeat","background-position":"center center","background-size":"auto","background-attachment":"scroll","background-type":"","background-media":"","overlay-type":"","overlay-color":"","overlay-opacity":"","overlay-gradient":""},"tablet":{"background-color":"var(--ast-global-color-5)","background-image":"","background-repeat":"repeat","background-position":"center center","background-size":"auto","background-attachment":"scroll","background-type":"","background-media":"","overlay-type":"","overlay-color":"","overlay-opacity":"","overlay-gradient":""},"mobile":{"background-color":"var(--ast-global-color-5)","background-image":"","background-repeat":"repeat","background-position":"center center","background-size":"auto","background-attachment":"scroll","background-type":"","background-media":"","overlay-type":"","overlay-color":"","overlay-opacity":"","overlay-gradient":""}},"footnotes":""},"class_list":["post-3974","page","type-page","status-publish","hentry"],"yoast_head":"<!-- This site is optimized with the Yoast SEO plugin v27.4 - https:\/\/yoast.com\/product\/yoast-seo-wordpress\/ -->\n<title>Pol\u00edtica de Cookies - Altair Asesores<\/title>\n<meta name=\"robots\" content=\"index, follow, max-snippet:-1, max-image-preview:large, max-video-preview:-1\" \/>\n<link rel=\"canonical\" href=\"https:\/\/altairasesores.es\/es\/politica-de-cookies\/\" \/>\n<meta property=\"og:locale\" content=\"es_ES\" \/>\n<meta property=\"og:type\" content=\"article\" \/>\n<meta property=\"og:title\" content=\"Pol\u00edtica de Cookies - Altair Asesores\" \/>\n<meta property=\"og:description\" content=\"POL\u00cdTICA DE COOKIES ALTAIR ASESORES, S.L. (en adelante, \u201cALTAIR\u201d) informa, a trav\u00e9s de la presente Pol\u00edtica de Cookies, acerca de la utilizaci\u00f3n de dispositivos de almacenamiento y recuperaci\u00f3n de datos en equipos terminales de los Usuarios. 1.- \u00bfQu\u00e9 son las cookies? Las cookies son archivos o ficheros que se descargan en el ordenador\/smartphone\/tablet del Usuario [&hellip;]\" \/>\n<meta property=\"og:url\" content=\"https:\/\/altairasesores.es\/es\/politica-de-cookies\/\" \/>\n<meta property=\"og:site_name\" content=\"Altair Asesores\" \/>\n<meta property=\"article:modified_time\" content=\"2023-07-04T14:32:46+00:00\" \/>\n<meta name=\"twitter:card\" content=\"summary_large_image\" \/>\n<meta name=\"twitter:label1\" content=\"Tiempo de lectura\" \/>\n\t<meta name=\"twitter:data1\" content=\"6 minutos\" \/>\n<script type=\"application\/ld+json\" class=\"yoast-schema-graph\">{\"@context\":\"https:\\\/\\\/schema.org\",\"@graph\":[{\"@type\":\"WebPage\",\"@id\":\"https:\\\/\\\/altairasesores.es\\\/es\\\/politica-de-cookies\\\/\",\"url\":\"https:\\\/\\\/altairasesores.es\\\/es\\\/politica-de-cookies\\\/\",\"name\":\"Pol\u00edtica de Cookies - Altair Asesores\",\"isPartOf\":{\"@id\":\"https:\\\/\\\/altairasesores.es\\\/es\\\/#website\"},\"datePublished\":\"2023-07-04T14:27:38+00:00\",\"dateModified\":\"2023-07-04T14:32:46+00:00\",\"breadcrumb\":{\"@id\":\"https:\\\/\\\/altairasesores.es\\\/es\\\/politica-de-cookies\\\/#breadcrumb\"},\"inLanguage\":\"es\",\"potentialAction\":[{\"@type\":\"ReadAction\",\"target\":[\"https:\\\/\\\/altairasesores.es\\\/es\\\/politica-de-cookies\\\/\"]}]},{\"@type\":\"BreadcrumbList\",\"@id\":\"https:\\\/\\\/altairasesores.es\\\/es\\\/politica-de-cookies\\\/#breadcrumb\",\"itemListElement\":[{\"@type\":\"ListItem\",\"position\":1,\"name\":\"Home\",\"item\":\"https:\\\/\\\/altairasesores.es\\\/es\\\/\"},{\"@type\":\"ListItem\",\"position\":2,\"name\":\"Pol\u00edtica de Cookies\"}]},{\"@type\":\"WebSite\",\"@id\":\"https:\\\/\\\/altairasesores.es\\\/es\\\/#website\",\"url\":\"https:\\\/\\\/altairasesores.es\\\/es\\\/\",\"name\":\"Altair Asesores\",\"description\":\"Creating better world, promoting good governance and development\",\"publisher\":{\"@id\":\"https:\\\/\\\/altairasesores.es\\\/es\\\/#organization\"},\"potentialAction\":[{\"@type\":\"SearchAction\",\"target\":{\"@type\":\"EntryPoint\",\"urlTemplate\":\"https:\\\/\\\/altairasesores.es\\\/es\\\/?s={search_term_string}\"},\"query-input\":{\"@type\":\"PropertyValueSpecification\",\"valueRequired\":true,\"valueName\":\"search_term_string\"}}],\"inLanguage\":\"es\"},{\"@type\":\"Organization\",\"@id\":\"https:\\\/\\\/altairasesores.es\\\/es\\\/#organization\",\"name\":\"Altair Asesores\",\"url\":\"https:\\\/\\\/altairasesores.es\\\/es\\\/\",\"logo\":{\"@type\":\"ImageObject\",\"inLanguage\":\"es\",\"@id\":\"https:\\\/\\\/altairasesores.es\\\/es\\\/#\\\/schema\\\/logo\\\/image\\\/\",\"url\":\"https:\\\/\\\/altairasesores.es\\\/wp-content\\\/uploads\\\/2022\\\/10\\\/cropped-altairlogo.png\",\"contentUrl\":\"https:\\\/\\\/altairasesores.es\\\/wp-content\\\/uploads\\\/2022\\\/10\\\/cropped-altairlogo.png\",\"width\":406,\"height\":162,\"caption\":\"Altair Asesores\"},\"image\":{\"@id\":\"https:\\\/\\\/altairasesores.es\\\/es\\\/#\\\/schema\\\/logo\\\/image\\\/\"}}]}<\/script>\n<!-- \/ Yoast SEO plugin. -->","yoast_head_json":{"title":"Pol\u00edtica de Cookies - Altair Asesores","robots":{"index":"index","follow":"follow","max-snippet":"max-snippet:-1","max-image-preview":"max-image-preview:large","max-video-preview":"max-video-preview:-1"},"canonical":"https:\/\/altairasesores.es\/es\/politica-de-cookies\/","og_locale":"es_ES","og_type":"article","og_title":"Pol\u00edtica de Cookies - Altair Asesores","og_description":"POL\u00cdTICA DE COOKIES ALTAIR ASESORES, S.L. (en adelante, \u201cALTAIR\u201d) informa, a trav\u00e9s de la presente Pol\u00edtica de Cookies, acerca de la utilizaci\u00f3n de dispositivos de almacenamiento y recuperaci\u00f3n de datos en equipos terminales de los Usuarios. 1.- \u00bfQu\u00e9 son las cookies? Las cookies son archivos o ficheros que se descargan en el ordenador\/smartphone\/tablet del Usuario [&hellip;]","og_url":"https:\/\/altairasesores.es\/es\/politica-de-cookies\/","og_site_name":"Altair Asesores","article_modified_time":"2023-07-04T14:32:46+00:00","twitter_card":"summary_large_image","twitter_misc":{"Tiempo de lectura":"6 minutos"},"schema":{"@context":"https:\/\/schema.org","@graph":[{"@type":"WebPage","@id":"https:\/\/altairasesores.es\/es\/politica-de-cookies\/","url":"https:\/\/altairasesores.es\/es\/politica-de-cookies\/","name":"Pol\u00edtica de Cookies - Altair Asesores","isPartOf":{"@id":"https:\/\/altairasesores.es\/es\/#website"},"datePublished":"2023-07-04T14:27:38+00:00","dateModified":"2023-07-04T14:32:46+00:00","breadcrumb":{"@id":"https:\/\/altairasesores.es\/es\/politica-de-cookies\/#breadcrumb"},"inLanguage":"es","potentialAction":[{"@type":"ReadAction","target":["https:\/\/altairasesores.es\/es\/politica-de-cookies\/"]}]},{"@type":"BreadcrumbList","@id":"https:\/\/altairasesores.es\/es\/politica-de-cookies\/#breadcrumb","itemListElement":[{"@type":"ListItem","position":1,"name":"Home","item":"https:\/\/altairasesores.es\/es\/"},{"@type":"ListItem","position":2,"name":"Pol\u00edtica de Cookies"}]},{"@type":"WebSite","@id":"https:\/\/altairasesores.es\/es\/#website","url":"https:\/\/altairasesores.es\/es\/","name":"Altair Asesores","description":"Creating better world, promoting good governance and development","publisher":{"@id":"https:\/\/altairasesores.es\/es\/#organization"},"potentialAction":[{"@type":"SearchAction","target":{"@type":"EntryPoint","urlTemplate":"https:\/\/altairasesores.es\/es\/?s={search_term_string}"},"query-input":{"@type":"PropertyValueSpecification","valueRequired":true,"valueName":"search_term_string"}}],"inLanguage":"es"},{"@type":"Organization","@id":"https:\/\/altairasesores.es\/es\/#organization","name":"Altair Asesores","url":"https:\/\/altairasesores.es\/es\/","logo":{"@type":"ImageObject","inLanguage":"es","@id":"https:\/\/altairasesores.es\/es\/#\/schema\/logo\/image\/","url":"https:\/\/altairasesores.es\/wp-content\/uploads\/2022\/10\/cropped-altairlogo.png","contentUrl":"https:\/\/altairasesores.es\/wp-content\/uploads\/2022\/10\/cropped-altairlogo.png","width":406,"height":162,"caption":"Altair Asesores"},"image":{"@id":"https:\/\/altairasesores.es\/es\/#\/schema\/logo\/image\/"}}]}},"_links":{"self":[{"href":"https:\/\/altairasesores.es\/es\/wp-json\/wp\/v2\/pages\/3974","targetHints":{"allow":["GET"]}}],"collection":[{"href":"https:\/\/altairasesores.es\/es\/wp-json\/wp\/v2\/pages"}],"about":[{"href":"https:\/\/altairasesores.es\/es\/wp-json\/wp\/v2\/types\/page"}],"author":[{"embeddable":true,"href":"https:\/\/altairasesores.es\/es\/wp-json\/wp\/v2\/users\/3"}],"replies":[{"embeddable":true,"href":"https:\/\/altairasesores.es\/es\/wp-json\/wp\/v2\/comments?post=3974"}],"version-history":[{"count":3,"href":"https:\/\/altairasesores.es\/es\/wp-json\/wp\/v2\/pages\/3974\/revisions"}],"predecessor-version":[{"id":3978,"href":"https:\/\/altairasesores.es\/es\/wp-json\/wp\/v2\/pages\/3974\/revisions\/3978"}],"wp:attachment":[{"href":"https:\/\/altairasesores.es\/es\/wp-json\/wp\/v2\/media?parent=3974"}],"curies":[{"name":"wp","href":"https:\/\/api.w.org\/{rel}","templated":true}]}}