{"id":1449,"date":"2022-11-07T11:31:18","date_gmt":"2022-11-07T11:31:18","guid":{"rendered":"https:\/\/altairasesores.es\/?page_id=1449"},"modified":"2023-08-14T15:23:36","modified_gmt":"2023-08-14T15:23:36","slug":"vacantes","status":"publish","type":"page","link":"https:\/\/altairasesores.es\/es\/vacantes\/","title":{"rendered":"Vacantes"},"content":{"rendered":"\t\t<div data-elementor-type=\"wp-page\" data-elementor-id=\"1449\" class=\"elementor elementor-1449 elementor-101\">\n\t\t\t\t\t\t<section class=\"elementor-section elementor-top-section elementor-element elementor-element-6f9ac2a2 elementor-section-height-min-height elementor-section-items-bottom elementor-section-boxed elementor-section-height-default\" data-id=\"6f9ac2a2\" data-element_type=\"section\" data-e-type=\"section\" data-settings=\"{&quot;background_background&quot;:&quot;classic&quot;}\">\n\t\t\t\t\t\t\t<div class=\"elementor-background-overlay\"><\/div>\n\t\t\t\t\t\t\t<div class=\"elementor-container elementor-column-gap-default\">\n\t\t\t\t\t<div class=\"elementor-column elementor-col-100 elementor-top-column elementor-element elementor-element-27a62fa4\" data-id=\"27a62fa4\" data-element_type=\"column\" data-e-type=\"column\" data-settings=\"{&quot;background_background&quot;:&quot;classic&quot;}\">\n\t\t\t<div class=\"elementor-widget-wrap elementor-element-populated\">\n\t\t\t\t\t\t<div class=\"elementor-element elementor-element-28138899 elementor-widget elementor-widget-heading\" data-id=\"28138899\" data-element_type=\"widget\" data-e-type=\"widget\" data-widget_type=\"heading.default\">\n\t\t\t\t<div class=\"elementor-widget-container\">\n\t\t\t\t\t<div class=\"elementor-heading-title elementor-size-default\">Vacantes<\/div>\t\t\t\t<\/div>\n\t\t\t\t<\/div>\n\t\t\t\t\t<\/div>\n\t\t<\/div>\n\t\t\t\t\t<\/div>\n\t\t<\/section>\n\t\t\t\t<section class=\"elementor-section elementor-top-section elementor-element elementor-element-31a2656d elementor-section-boxed elementor-section-height-default elementor-section-height-default\" data-id=\"31a2656d\" data-element_type=\"section\" data-e-type=\"section\">\n\t\t\t\t\t\t<div class=\"elementor-container elementor-column-gap-default\">\n\t\t\t\t\t<div class=\"elementor-column elementor-col-33 elementor-top-column elementor-element elementor-element-7f74f26e\" data-id=\"7f74f26e\" data-element_type=\"column\" data-e-type=\"column\" data-settings=\"{&quot;background_background&quot;:&quot;classic&quot;}\">\n\t\t\t<div class=\"elementor-widget-wrap elementor-element-populated\">\n\t\t\t\t\t\t<div class=\"elementor-element elementor-element-405d23b5 elementor-widget elementor-widget-image\" data-id=\"405d23b5\" data-element_type=\"widget\" data-e-type=\"widget\" data-widget_type=\"image.default\">\n\t\t\t\t<div class=\"elementor-widget-container\">\n\t\t\t\t\t\t\t\t\t\t\t\t\t\t\t<img fetchpriority=\"high\" decoding=\"async\" width=\"600\" height=\"400\" src=\"https:\/\/altairasesores.es\/wp-content\/uploads\/2023\/02\/Altair-Madrid-HQ.jpg\" class=\"attachment-large size-large wp-image-1900\" alt=\"Altair Madrid HQ\" srcset=\"https:\/\/altairasesores.es\/wp-content\/uploads\/2023\/02\/Altair-Madrid-HQ.jpg 600w, https:\/\/altairasesores.es\/wp-content\/uploads\/2023\/02\/Altair-Madrid-HQ-300x200.jpg 300w\" sizes=\"(max-width: 600px) 100vw, 600px\" \/>\t\t\t\t\t\t\t\t\t\t\t\t\t\t\t<\/div>\n\t\t\t\t<\/div>\n\t\t\t\t<div class=\"elementor-element elementor-element-6c20413 elementor-widget elementor-widget-heading\" data-id=\"6c20413\" data-element_type=\"widget\" data-e-type=\"widget\" data-widget_type=\"heading.default\">\n\t\t\t\t<div class=\"elementor-widget-container\">\n\t\t\t\t\t<h2 class=\"elementor-heading-title elementor-size-default\">Sede en Madrid<\/h2>\t\t\t\t<\/div>\n\t\t\t\t<\/div>\n\t\t\t\t<div class=\"elementor-element elementor-element-7438b06e whilink elementor-widget elementor-widget-text-editor\" data-id=\"7438b06e\" data-element_type=\"widget\" data-e-type=\"widget\" data-widget_type=\"text-editor.default\">\n\t\t\t\t<div class=\"elementor-widget-container\">\n\t\t\t\t\t\t\t\t\t<p>En este momento no hay ninguna vacante para nuestra sede en Madrid.<\/p><p>En cualquier caso, si lo deseas puedes enviar tu candidatura espont\u00e1nea a trav\u00e9s del formulario en esta p\u00e1gina.<\/p><p>Adem\u00e1s, si quieres ponerte en contacto con nosotros, puedes pinchar <a href=\"\/es\/contacto\" target=\"_self\">aqu\u00ed.<\/a><\/p>\t\t\t\t\t\t\t\t<\/div>\n\t\t\t\t<\/div>\n\t\t\t\t\t<\/div>\n\t\t<\/div>\n\t\t\t\t<div class=\"elementor-column elementor-col-33 elementor-top-column elementor-element elementor-element-6a815107\" data-id=\"6a815107\" data-element_type=\"column\" data-e-type=\"column\" data-settings=\"{&quot;background_background&quot;:&quot;classic&quot;}\">\n\t\t\t<div class=\"elementor-widget-wrap elementor-element-populated\">\n\t\t\t\t\t\t<div class=\"elementor-element elementor-element-122e323d elementor-widget elementor-widget-image\" data-id=\"122e323d\" data-element_type=\"widget\" data-e-type=\"widget\" data-widget_type=\"image.default\">\n\t\t\t\t<div class=\"elementor-widget-container\">\n\t\t\t\t\t\t\t\t\t\t\t\t\t\t\t<img decoding=\"async\" width=\"600\" height=\"400\" src=\"https:\/\/altairasesores.es\/wp-content\/uploads\/2023\/03\/projects-in-the-field-600.jpg\" class=\"attachment-large size-large wp-image-1952\" alt=\"projects in the field\" srcset=\"https:\/\/altairasesores.es\/wp-content\/uploads\/2023\/03\/projects-in-the-field-600.jpg 600w, https:\/\/altairasesores.es\/wp-content\/uploads\/2023\/03\/projects-in-the-field-600-300x200.jpg 300w\" sizes=\"(max-width: 600px) 100vw, 600px\" \/>\t\t\t\t\t\t\t\t\t\t\t\t\t\t\t<\/div>\n\t\t\t\t<\/div>\n\t\t\t\t<div class=\"elementor-element elementor-element-10ff4af5 elementor-widget elementor-widget-heading\" data-id=\"10ff4af5\" data-element_type=\"widget\" data-e-type=\"widget\" data-widget_type=\"heading.default\">\n\t\t\t\t<div class=\"elementor-widget-container\">\n\t\t\t\t\t<h2 class=\"elementor-heading-title elementor-size-default\">Proyectos en el Terreno<\/h2>\t\t\t\t<\/div>\n\t\t\t\t<\/div>\n\t\t\t\t<div class=\"elementor-element elementor-element-6b2bb2ca whilink elementor-widget elementor-widget-text-editor\" data-id=\"6b2bb2ca\" data-element_type=\"widget\" data-e-type=\"widget\" data-widget_type=\"text-editor.default\">\n\t\t\t\t<div class=\"elementor-widget-container\">\n\t\t\t\t\t\t\t\t\t<p>Si te interesa trabajar con nosotros en el terreno, puedes enviar tu CV a trav\u00e9s del formulario en esta p\u00e1gina.<\/p><p>Tambi\u00e9n puedes ponerte en contacto con nosotros pinchando <a href=\"\/es\/contacto\/\">aqu\u00ed<\/a>.<\/p><p>o acceder a nuestro <a href=\"https:\/\/www.linkedin.com\/company\/110381\/admin\/\" target=\"_blank\" rel=\"noreferrer noopener\">LinkedIn<\/a>.<\/p>\t\t\t\t\t\t\t\t<\/div>\n\t\t\t\t<\/div>\n\t\t\t\t\t<\/div>\n\t\t<\/div>\n\t\t\t\t<div class=\"elementor-column elementor-col-33 elementor-top-column elementor-element elementor-element-2c4a178b\" data-id=\"2c4a178b\" data-element_type=\"column\" data-e-type=\"column\" data-settings=\"{&quot;background_background&quot;:&quot;classic&quot;}\">\n\t\t\t<div class=\"elementor-widget-wrap elementor-element-populated\">\n\t\t\t\t\t\t<div class=\"elementor-element elementor-element-78f2d7e elementor-widget elementor-widget-heading\" data-id=\"78f2d7e\" data-element_type=\"widget\" data-e-type=\"widget\" data-widget_type=\"heading.default\">\n\t\t\t\t<div class=\"elementor-widget-container\">\n\t\t\t\t\t<h2 class=\"elementor-heading-title elementor-size-default\">Sube tu CV<\/h2>\t\t\t\t<\/div>\n\t\t\t\t<\/div>\n\t\t\t\t<div class=\"elementor-element elementor-element-4ab9350a elementor-widget elementor-widget-shortcode\" data-id=\"4ab9350a\" data-element_type=\"widget\" data-e-type=\"widget\" data-widget_type=\"shortcode.default\">\n\t\t\t\t<div class=\"elementor-widget-container\">\n\t\t\t\t\t\t\t<div class=\"elementor-shortcode\">\n<div class=\"wpcf7 no-js\" id=\"wpcf7-f2285-o1\" lang=\"en-US\" dir=\"ltr\" data-wpcf7-id=\"2285\">\n<div class=\"screen-reader-response\"><p role=\"status\" aria-live=\"polite\" aria-atomic=\"true\"><\/p> <ul><\/ul><\/div>\n<form action=\"\/es\/wp-json\/wp\/v2\/pages\/1449#wpcf7-f2285-o1\" method=\"post\" class=\"wpcf7-form init\" aria-label=\"Contact form\" enctype=\"multipart\/form-data\" novalidate=\"novalidate\" data-status=\"init\">\n<fieldset class=\"hidden-fields-container\"><input type=\"hidden\" name=\"_wpcf7\" value=\"2285\" \/><input type=\"hidden\" name=\"_wpcf7_version\" value=\"6.1.5\" \/><input type=\"hidden\" name=\"_wpcf7_locale\" value=\"en_US\" \/><input type=\"hidden\" name=\"_wpcf7_unit_tag\" value=\"wpcf7-f2285-o1\" \/><input type=\"hidden\" name=\"_wpcf7_container_post\" value=\"0\" \/><input type=\"hidden\" name=\"_wpcf7_posted_data_hash\" value=\"\" \/>\n<\/fieldset>\n<p><span class=\"wpcf7-form-control-wrap\" data-name=\"your-name\"><input size=\"40\" maxlength=\"400\" class=\"wpcf7-form-control wpcf7-text wpcf7-validates-as-required\" autocomplete=\"name\" aria-required=\"true\" aria-invalid=\"false\" placeholder=\"Nombre\" value=\"\" type=\"text\" name=\"your-name\" \/><\/span>\n<\/p>\n<p><span class=\"wpcf7-form-control-wrap\" data-name=\"your-email\"><input size=\"40\" maxlength=\"400\" class=\"wpcf7-form-control wpcf7-email wpcf7-validates-as-required wpcf7-text wpcf7-validates-as-email\" autocomplete=\"email\" aria-required=\"true\" aria-invalid=\"false\" placeholder=\"Email\" value=\"\" type=\"email\" name=\"your-email\" \/><\/span>\n<\/p>\n<p><label> Sube tu CV<br \/>\n<span class=\"wpcf7-form-control-wrap\" data-name=\"file-949\"><input size=\"40\" class=\"wpcf7-form-control wpcf7-file wpcf7-validates-as-required\" accept=\".doc,.docx,.pdf,.txt,.rtf\" aria-required=\"true\" aria-invalid=\"false\" type=\"file\" name=\"file-949\" \/><\/span><\/label>\n<\/p>\n<div>\n\t<p>Tama\u00f1o m\u00e1ximo de archivo: 5 MB. Formatos aceptados: doc, docx, pdf, rtf, txt\n\t<\/p>\n<\/div>\n<p><input class=\"wpcf7-form-control wpcf7-submit has-spinner\" type=\"submit\" value=\"ENVIAR\" \/>\n<\/p><div class=\"wpcf7-response-output\" aria-hidden=\"true\"><\/div>\n<\/form>\n<\/div>\n<\/div>\n\t\t\t\t\t\t<\/div>\n\t\t\t\t<\/div>\n\t\t\t\t<div class=\"elementor-element elementor-element-28c9fe1 elementor-widget elementor-widget-text-editor\" data-id=\"28c9fe1\" data-element_type=\"widget\" data-e-type=\"widget\" data-widget_type=\"text-editor.default\">\n\t\t\t\t<div class=\"elementor-widget-container\">\n\t\t\t\t\t\t\t\t\t<p style=\"font-weight: 400;\">Al pulsar en \u201cEnviar\u201d declaro haber le\u00eddo y aceptado la <a href=\"\/es\/politica-de-privacidad\/\">Pol\u00edtica de Privacidad<\/a> para tratar mis datos con la finalidad de evaluar mi candidatura para los procesos de selecci\u00f3n de personal de ALTAIR.<\/p>\t\t\t\t\t\t\t\t<\/div>\n\t\t\t\t<\/div>\n\t\t\t\t\t<\/div>\n\t\t<\/div>\n\t\t\t\t\t<\/div>\n\t\t<\/section>\n\t\t\t\t<section class=\"elementor-section elementor-top-section elementor-element elementor-element-f94ed2d elementor-section-boxed elementor-section-height-default elementor-section-height-default\" data-id=\"f94ed2d\" data-element_type=\"section\" data-e-type=\"section\">\n\t\t\t\t\t\t<div class=\"elementor-container elementor-column-gap-default\">\n\t\t\t\t\t<div class=\"elementor-column elementor-col-100 elementor-top-column elementor-element elementor-element-68532f1\" data-id=\"68532f1\" data-element_type=\"column\" data-e-type=\"column\">\n\t\t\t<div class=\"elementor-widget-wrap\">\n\t\t\t\t\t\t\t<\/div>\n\t\t<\/div>\n\t\t\t\t\t<\/div>\n\t\t<\/section>\n\t\t\t\t<\/div>\n\t\t","protected":false},"excerpt":{"rendered":"<p>Vacantes Sede en Madrid En este momento no hay ninguna vacante para nuestra sede en Madrid. En cualquier caso, si lo deseas puedes enviar tu candidatura espont\u00e1nea a trav\u00e9s del formulario en esta p\u00e1gina. Adem\u00e1s, si quieres ponerte en contacto con nosotros, puedes pinchar aqu\u00ed. Proyectos en el Terreno Si te interesa trabajar con nosotros [&hellip;]<\/p>\n","protected":false},"author":1,"featured_media":0,"parent":0,"menu_order":0,"comment_status":"closed","ping_status":"closed","template":"elementor_header_footer","meta":{"nf_dc_page":"","site-sidebar-layout":"no-sidebar","site-content-layout":"page-builder","ast-site-content-layout":"default","site-content-style":"default","site-sidebar-style":"default","ast-global-header-display":"","ast-banner-title-visibility":"","ast-main-header-display":"","ast-hfb-above-header-display":"","ast-hfb-below-header-display":"","ast-hfb-mobile-header-display":"","site-post-title":"disabled","ast-breadcrumbs-content":"disabled","ast-featured-img":"disabled","footer-sml-layout":"","ast-disable-related-posts":"","theme-transparent-header-meta":"default","adv-header-id-meta":"","stick-header-meta":"","header-above-stick-meta":"","header-main-stick-meta":"","header-below-stick-meta":"","astra-migrate-meta-layouts":"default","ast-page-background-enabled":"default","ast-page-background-meta":{"desktop":{"background-color":"var(--ast-global-color-4)","background-image":"","background-repeat":"repeat","background-position":"center center","background-size":"auto","background-attachment":"scroll","background-type":"","background-media":"","overlay-type":"","overlay-color":"","overlay-opacity":"","overlay-gradient":""},"tablet":{"background-color":"","background-image":"","background-repeat":"repeat","background-position":"center center","background-size":"auto","background-attachment":"scroll","background-type":"","background-media":"","overlay-type":"","overlay-color":"","overlay-opacity":"","overlay-gradient":""},"mobile":{"background-color":"","background-image":"","background-repeat":"repeat","background-position":"center center","background-size":"auto","background-attachment":"scroll","background-type":"","background-media":"","overlay-type":"","overlay-color":"","overlay-opacity":"","overlay-gradient":""}},"ast-content-background-meta":{"desktop":{"background-color":"var(--ast-global-color-5)","background-image":"","background-repeat":"repeat","background-position":"center center","background-size":"auto","background-attachment":"scroll","background-type":"","background-media":"","overlay-type":"","overlay-color":"","overlay-opacity":"","overlay-gradient":""},"tablet":{"background-color":"var(--ast-global-color-5)","background-image":"","background-repeat":"repeat","background-position":"center center","background-size":"auto","background-attachment":"scroll","background-type":"","background-media":"","overlay-type":"","overlay-color":"","overlay-opacity":"","overlay-gradient":""},"mobile":{"background-color":"var(--ast-global-color-5)","background-image":"","background-repeat":"repeat","background-position":"center center","background-size":"auto","background-attachment":"scroll","background-type":"","background-media":"","overlay-type":"","overlay-color":"","overlay-opacity":"","overlay-gradient":""}},"footnotes":""},"class_list":["post-1449","page","type-page","status-publish","hentry"],"yoast_head":"<!-- This site is optimized with the Yoast SEO plugin v27.3 - https:\/\/yoast.com\/product\/yoast-seo-wordpress\/ -->\n<title>Vacantes - Altair Asesores<\/title>\n<meta name=\"robots\" content=\"index, follow, max-snippet:-1, max-image-preview:large, max-video-preview:-1\" \/>\n<link rel=\"canonical\" href=\"https:\/\/altairasesores.es\/es\/vacantes\/\" \/>\n<meta property=\"og:locale\" content=\"es_ES\" \/>\n<meta property=\"og:type\" content=\"article\" \/>\n<meta property=\"og:title\" content=\"Vacantes - Altair Asesores\" \/>\n<meta property=\"og:description\" content=\"Vacantes Sede en Madrid En este momento no hay ninguna vacante para nuestra sede en Madrid. En cualquier caso, si lo deseas puedes enviar tu candidatura espont\u00e1nea a trav\u00e9s del formulario en esta p\u00e1gina. Adem\u00e1s, si quieres ponerte en contacto con nosotros, puedes pinchar aqu\u00ed. Proyectos en el Terreno Si te interesa trabajar con nosotros [&hellip;]\" \/>\n<meta property=\"og:url\" content=\"https:\/\/altairasesores.es\/es\/vacantes\/\" \/>\n<meta property=\"og:site_name\" content=\"Altair Asesores\" \/>\n<meta property=\"article:modified_time\" content=\"2023-08-14T15:23:36+00:00\" \/>\n<meta property=\"og:image\" content=\"https:\/\/altairasesores.es\/wp-content\/uploads\/2023\/02\/Altair-Madrid-HQ.jpg\" \/>\n<meta name=\"twitter:card\" content=\"summary_large_image\" \/>\n<meta name=\"twitter:label1\" content=\"Tiempo de lectura\" \/>\n\t<meta name=\"twitter:data1\" content=\"1 minuto\" \/>\n<script type=\"application\/ld+json\" class=\"yoast-schema-graph\">{\"@context\":\"https:\\\/\\\/schema.org\",\"@graph\":[{\"@type\":\"WebPage\",\"@id\":\"https:\\\/\\\/altairasesores.es\\\/es\\\/vacantes\\\/\",\"url\":\"https:\\\/\\\/altairasesores.es\\\/es\\\/vacantes\\\/\",\"name\":\"Vacantes - Altair Asesores\",\"isPartOf\":{\"@id\":\"https:\\\/\\\/altairasesores.es\\\/es\\\/#website\"},\"primaryImageOfPage\":{\"@id\":\"https:\\\/\\\/altairasesores.es\\\/es\\\/vacantes\\\/#primaryimage\"},\"image\":{\"@id\":\"https:\\\/\\\/altairasesores.es\\\/es\\\/vacantes\\\/#primaryimage\"},\"thumbnailUrl\":\"https:\\\/\\\/altairasesores.es\\\/wp-content\\\/uploads\\\/2023\\\/02\\\/Altair-Madrid-HQ.jpg\",\"datePublished\":\"2022-11-07T11:31:18+00:00\",\"dateModified\":\"2023-08-14T15:23:36+00:00\",\"breadcrumb\":{\"@id\":\"https:\\\/\\\/altairasesores.es\\\/es\\\/vacantes\\\/#breadcrumb\"},\"inLanguage\":\"es\",\"potentialAction\":[{\"@type\":\"ReadAction\",\"target\":[\"https:\\\/\\\/altairasesores.es\\\/es\\\/vacantes\\\/\"]}]},{\"@type\":\"ImageObject\",\"inLanguage\":\"es\",\"@id\":\"https:\\\/\\\/altairasesores.es\\\/es\\\/vacantes\\\/#primaryimage\",\"url\":\"https:\\\/\\\/altairasesores.es\\\/wp-content\\\/uploads\\\/2023\\\/02\\\/Altair-Madrid-HQ.jpg\",\"contentUrl\":\"https:\\\/\\\/altairasesores.es\\\/wp-content\\\/uploads\\\/2023\\\/02\\\/Altair-Madrid-HQ.jpg\"},{\"@type\":\"BreadcrumbList\",\"@id\":\"https:\\\/\\\/altairasesores.es\\\/es\\\/vacantes\\\/#breadcrumb\",\"itemListElement\":[{\"@type\":\"ListItem\",\"position\":1,\"name\":\"Home\",\"item\":\"https:\\\/\\\/altairasesores.es\\\/es\\\/\"},{\"@type\":\"ListItem\",\"position\":2,\"name\":\"Vacantes\"}]},{\"@type\":\"WebSite\",\"@id\":\"https:\\\/\\\/altairasesores.es\\\/es\\\/#website\",\"url\":\"https:\\\/\\\/altairasesores.es\\\/es\\\/\",\"name\":\"Altair Asesores\",\"description\":\"Creating better world, promoting good governance and development\",\"publisher\":{\"@id\":\"https:\\\/\\\/altairasesores.es\\\/es\\\/#organization\"},\"potentialAction\":[{\"@type\":\"SearchAction\",\"target\":{\"@type\":\"EntryPoint\",\"urlTemplate\":\"https:\\\/\\\/altairasesores.es\\\/es\\\/?s={search_term_string}\"},\"query-input\":{\"@type\":\"PropertyValueSpecification\",\"valueRequired\":true,\"valueName\":\"search_term_string\"}}],\"inLanguage\":\"es\"},{\"@type\":\"Organization\",\"@id\":\"https:\\\/\\\/altairasesores.es\\\/es\\\/#organization\",\"name\":\"Altair Asesores\",\"url\":\"https:\\\/\\\/altairasesores.es\\\/es\\\/\",\"logo\":{\"@type\":\"ImageObject\",\"inLanguage\":\"es\",\"@id\":\"https:\\\/\\\/altairasesores.es\\\/es\\\/#\\\/schema\\\/logo\\\/image\\\/\",\"url\":\"https:\\\/\\\/altairasesores.es\\\/wp-content\\\/uploads\\\/2022\\\/10\\\/cropped-altairlogo.png\",\"contentUrl\":\"https:\\\/\\\/altairasesores.es\\\/wp-content\\\/uploads\\\/2022\\\/10\\\/cropped-altairlogo.png\",\"width\":406,\"height\":162,\"caption\":\"Altair Asesores\"},\"image\":{\"@id\":\"https:\\\/\\\/altairasesores.es\\\/es\\\/#\\\/schema\\\/logo\\\/image\\\/\"}}]}<\/script>\n<!-- \/ Yoast SEO plugin. -->","yoast_head_json":{"title":"Vacantes - Altair Asesores","robots":{"index":"index","follow":"follow","max-snippet":"max-snippet:-1","max-image-preview":"max-image-preview:large","max-video-preview":"max-video-preview:-1"},"canonical":"https:\/\/altairasesores.es\/es\/vacantes\/","og_locale":"es_ES","og_type":"article","og_title":"Vacantes - Altair Asesores","og_description":"Vacantes Sede en Madrid En este momento no hay ninguna vacante para nuestra sede en Madrid. En cualquier caso, si lo deseas puedes enviar tu candidatura espont\u00e1nea a trav\u00e9s del formulario en esta p\u00e1gina. Adem\u00e1s, si quieres ponerte en contacto con nosotros, puedes pinchar aqu\u00ed. Proyectos en el Terreno Si te interesa trabajar con nosotros [&hellip;]","og_url":"https:\/\/altairasesores.es\/es\/vacantes\/","og_site_name":"Altair Asesores","article_modified_time":"2023-08-14T15:23:36+00:00","og_image":[{"url":"https:\/\/altairasesores.es\/wp-content\/uploads\/2023\/02\/Altair-Madrid-HQ.jpg","type":"","width":"","height":""}],"twitter_card":"summary_large_image","twitter_misc":{"Tiempo de lectura":"1 minuto"},"schema":{"@context":"https:\/\/schema.org","@graph":[{"@type":"WebPage","@id":"https:\/\/altairasesores.es\/es\/vacantes\/","url":"https:\/\/altairasesores.es\/es\/vacantes\/","name":"Vacantes - Altair Asesores","isPartOf":{"@id":"https:\/\/altairasesores.es\/es\/#website"},"primaryImageOfPage":{"@id":"https:\/\/altairasesores.es\/es\/vacantes\/#primaryimage"},"image":{"@id":"https:\/\/altairasesores.es\/es\/vacantes\/#primaryimage"},"thumbnailUrl":"https:\/\/altairasesores.es\/wp-content\/uploads\/2023\/02\/Altair-Madrid-HQ.jpg","datePublished":"2022-11-07T11:31:18+00:00","dateModified":"2023-08-14T15:23:36+00:00","breadcrumb":{"@id":"https:\/\/altairasesores.es\/es\/vacantes\/#breadcrumb"},"inLanguage":"es","potentialAction":[{"@type":"ReadAction","target":["https:\/\/altairasesores.es\/es\/vacantes\/"]}]},{"@type":"ImageObject","inLanguage":"es","@id":"https:\/\/altairasesores.es\/es\/vacantes\/#primaryimage","url":"https:\/\/altairasesores.es\/wp-content\/uploads\/2023\/02\/Altair-Madrid-HQ.jpg","contentUrl":"https:\/\/altairasesores.es\/wp-content\/uploads\/2023\/02\/Altair-Madrid-HQ.jpg"},{"@type":"BreadcrumbList","@id":"https:\/\/altairasesores.es\/es\/vacantes\/#breadcrumb","itemListElement":[{"@type":"ListItem","position":1,"name":"Home","item":"https:\/\/altairasesores.es\/es\/"},{"@type":"ListItem","position":2,"name":"Vacantes"}]},{"@type":"WebSite","@id":"https:\/\/altairasesores.es\/es\/#website","url":"https:\/\/altairasesores.es\/es\/","name":"Altair Asesores","description":"Creating better world, promoting good governance and development","publisher":{"@id":"https:\/\/altairasesores.es\/es\/#organization"},"potentialAction":[{"@type":"SearchAction","target":{"@type":"EntryPoint","urlTemplate":"https:\/\/altairasesores.es\/es\/?s={search_term_string}"},"query-input":{"@type":"PropertyValueSpecification","valueRequired":true,"valueName":"search_term_string"}}],"inLanguage":"es"},{"@type":"Organization","@id":"https:\/\/altairasesores.es\/es\/#organization","name":"Altair Asesores","url":"https:\/\/altairasesores.es\/es\/","logo":{"@type":"ImageObject","inLanguage":"es","@id":"https:\/\/altairasesores.es\/es\/#\/schema\/logo\/image\/","url":"https:\/\/altairasesores.es\/wp-content\/uploads\/2022\/10\/cropped-altairlogo.png","contentUrl":"https:\/\/altairasesores.es\/wp-content\/uploads\/2022\/10\/cropped-altairlogo.png","width":406,"height":162,"caption":"Altair Asesores"},"image":{"@id":"https:\/\/altairasesores.es\/es\/#\/schema\/logo\/image\/"}}]}},"_links":{"self":[{"href":"https:\/\/altairasesores.es\/es\/wp-json\/wp\/v2\/pages\/1449","targetHints":{"allow":["GET"]}}],"collection":[{"href":"https:\/\/altairasesores.es\/es\/wp-json\/wp\/v2\/pages"}],"about":[{"href":"https:\/\/altairasesores.es\/es\/wp-json\/wp\/v2\/types\/page"}],"author":[{"embeddable":true,"href":"https:\/\/altairasesores.es\/es\/wp-json\/wp\/v2\/users\/1"}],"replies":[{"embeddable":true,"href":"https:\/\/altairasesores.es\/es\/wp-json\/wp\/v2\/comments?post=1449"}],"version-history":[{"count":5,"href":"https:\/\/altairasesores.es\/es\/wp-json\/wp\/v2\/pages\/1449\/revisions"}],"predecessor-version":[{"id":4292,"href":"https:\/\/altairasesores.es\/es\/wp-json\/wp\/v2\/pages\/1449\/revisions\/4292"}],"wp:attachment":[{"href":"https:\/\/altairasesores.es\/es\/wp-json\/wp\/v2\/media?parent=1449"}],"curies":[{"name":"wp","href":"https:\/\/api.w.org\/{rel}","templated":true}]}}